{"id":58,"date":"2015-04-15T21:59:52","date_gmt":"2015-04-15T20:59:52","guid":{"rendered":"http:\/\/fba_nove.orienteering.sk\/?page_id=58"},"modified":"2015-04-26T21:25:49","modified_gmt":"2015-04-26T20:25:49","slug":"zakladne-informacie","status":"publish","type":"page","link":"http:\/\/fba.orienteering.sk\/?page_id=58","title":{"rendered":"Z\u00e1kladn\u00e9 inform\u00e1cie"},"content":{"rendered":"<p>O-camp je ur\u010den\u00fd pre deti, ich rodi\u010dov a za\u010d\u00ednaj\u00facich tr\u00e9nerov.<\/p>\n<p>Hlavn\u00fd cie\u013e je pribl\u00ed\u017ei\u0165 orienta\u010dn\u00fd beh de\u0165om hravou formou a ich rodi\u010dom predstavi\u0165 ho ako \u0161port vhodn\u00fd pre v\u0161etk\u00fdch \u010dlenov rodiny. Chceme za\u010diato\u010dn\u00edkom uk\u00e1za\u0165 spolo\u010densk\u00fa hru v pr\u00edrode a pokro\u010dilej\u0161\u00edm de\u0165om uk\u00e1za\u0165 mo\u017enosti zlep\u0161enia orienta\u010dnej techniky, ale aj kond\u00edcie.<\/p>\n<p>T\u00e1bor sa uskuto\u010dn\u00ed v rekre\u010dnom zariaden\u00ed\u00a0<a href=\"http:\/\/www.relaxtesare.sk\/\" target=\"_blank\">Relax Tes\u00e1re<\/a>\u00a0v term\u00edne 10.7.-17.7.2015<\/p>\n<p align=\"JUSTIFY\">N\u00e1stup do t\u00e1bora po 14. hod &#8211; na popoludnie bude pripraven\u00fd prv\u00fd tr\u00e9ning<\/p>\n<p align=\"JUSTIFY\">Prv\u00e1 strava bude ve\u010dera 10.7. , posledn\u00e1 strava 17.7. ra\u0148ajky + bal\u00ed\u010dek na cestu.<\/p>\n<p align=\"JUSTIFY\">Odchod z\u00a0t\u00e1bora najnesk\u00f4r do 10,00 hod.<\/p>\n<p>\u00a0Ubytovanie a\u00a0strava:<\/p>\n<p align=\"JUSTIFY\">Ubytovan\u00ed budeme v hlavnej\u00a0budove v\u00a04-6 l\u00f4\u017ekov\u00fdch izb\u00e1ch so soc. zariaden\u00edm v\u00a0budove. K\u00a0dispoz\u00edcii budeme ma\u0165 spolo\u010densk\u00fa miestnos\u0165, are\u00e1l rekrea\u010dn\u00e9ho zariadenia \u2013 RZ(rekrea\u010dn\u00e9 zariadenie) Tes\u00e1re so \u0161portov\u00fdmi ihriskami s\u00a0baz\u00e9nom rozmerov cca 15x10m h\u013abka cca 1,3m.<\/p>\n<p align=\"JUSTIFY\">Strava a\u00a0pitn\u00fd re\u017eim bude zabezpe\u010dovan\u00e1 RZ 5x denne.<\/p>\n<p align=\"JUSTIFY\"><strong><em><span style=\"color: #000000;\">Pri n\u00e1stupe na pobyt pros\u00edme odovzda\u0165 :<\/span><\/em><\/strong><\/p>\n<p align=\"JUSTIFY\">Od v\u0161etk\u00fdch det\u00ed:<\/p>\n<ul>\n<li>\n<p align=\"JUSTIFY\">Potvrdenie o\u00a0zdravotnej sp\u00f4sobilosti potvrden\u00e9 lek\u00e1rom (nie star\u0161ie ako 20 dn\u00ed)<\/p>\n<\/li>\n<\/ul>\n<p align=\"JUSTIFY\">Pre deti, ktor\u00e9 bud\u00fa na t\u00e1bore bez rodi\u010da \u2013pod veden\u00edm svojho tr\u00e9nera aj nasledovn\u00e9: (odovzda\u0165 pri n\u00e1stupe)<\/p>\n<ul>\n<li>\u010cestn\u00e9 prehl\u00e1senie \u2013pou\u010denie o\u00a0spr\u00e1van\u00ed na t\u00e1bore<\/li>\n<li>Vyhl\u00e1senie rodi\u010da o\u00a0zdravotnom stave die\u0165a\u0165a<\/li>\n<li>S\u00fahlas rodi\u010da s\u00a0k\u00fapan\u00edm die\u0165a\u0165a<\/li>\n<\/ul>\n<p align=\"JUSTIFY\">Pozn. Formul\u00e1re s\u00fa podmienkou pre organizovanie akcie od \u00daradu verejn\u00e9ho zdravotn\u00edctva<\/p>\n<p><a href=\"\/wp-content\/uploads\/2015\/04\/\u010cestn\u00e9-prehl\u00e1senie-pou\u010denie-o-spr\u00e1van\u00ed-v-t\u00e1bore.rtf\">\u010cestn\u00e9 prehl\u00e1senie &#8211; pou\u010denie o spr\u00e1van\u00ed v t\u00e1bore<\/a><br \/>\n<a href=\"\/wp-content\/uploads\/2015\/04\/POTVRDENIE-o-zdravotnej-sp\u00f4sobilosti.rtf\">POTVRDENIE o zdravotnej sp\u00f4sobilosti<\/a><br \/>\n<a href=\"\/wp-content\/uploads\/2015\/04\/VYHL\u00c1SENIE.rtf\">VYHL\u00c1SENIE<\/a><\/p>\n<ul>\n<li>\n<p align=\"JUSTIFY\">Po pr\u00edchode do campu budeme zbiera\u0165 manipula\u010dn\u00fd poplatok 10\u20ac\/osobu (aj die\u0165a) v\u00a0hotovosti. Poplatok pou\u017eijeme na \u00fahradu: t\u00e1borov\u00fd dar\u010dek + n\u00e1kup potrav\u00edn na t\u00e1bor\u00e1k + tla\u010d m\u00e1p +in\u00e9 drobn\u00e9 v\u00fddavky.<\/p>\n<\/li>\n<\/ul>\n<p><span style=\"color: #ff0000;\">Ak\u00e9ko\u013evek ot\u00e1zky pros\u00edm p\u00ed\u0161te na: kruzok.fba@gmail.com<\/span><\/p>\n","protected":false},"excerpt":{"rendered":"<p>O-camp je ur\u010den\u00fd pre deti, ich rodi\u010dov a za\u010d\u00ednaj\u00facich tr\u00e9nerov. Hlavn\u00fd cie\u013e je pribl\u00ed\u017ei\u0165 orienta\u010dn\u00fd beh de\u0165om hravou formou a ich rodi\u010dom predstavi\u0165 ho ako \u0161port vhodn\u00fd pre v\u0161etk\u00fdch \u010dlenov rodiny. Chceme za\u010diato\u010dn\u00edkom uk\u00e1za\u0165 spolo\u010densk\u00fa hru<a class=\"moretag\" href=\"http:\/\/fba.orienteering.sk\/?page_id=58\">Read More&#8230;<\/a><\/p>\n","protected":false},"author":2,"featured_media":0,"parent":31,"menu_order":1,"comment_status":"open","ping_status":"open","template":"","meta":[],"_links":{"self":[{"href":"http:\/\/fba.orienteering.sk\/index.php?rest_route=\/wp\/v2\/pages\/58"}],"collection":[{"href":"http:\/\/fba.orienteering.sk\/index.php?rest_route=\/wp\/v2\/pages"}],"about":[{"href":"http:\/\/fba.orienteering.sk\/index.php?rest_route=\/wp\/v2\/types\/page"}],"author":[{"embeddable":true,"href":"http:\/\/fba.orienteering.sk\/index.php?rest_route=\/wp\/v2\/users\/2"}],"replies":[{"embeddable":true,"href":"http:\/\/fba.orienteering.sk\/index.php?rest_route=%2Fwp%2Fv2%2Fcomments&post=58"}],"version-history":[{"count":19,"href":"http:\/\/fba.orienteering.sk\/index.php?rest_route=\/wp\/v2\/pages\/58\/revisions"}],"predecessor-version":[{"id":300,"href":"http:\/\/fba.orienteering.sk\/index.php?rest_route=\/wp\/v2\/pages\/58\/revisions\/300"}],"up":[{"embeddable":true,"href":"http:\/\/fba.orienteering.sk\/index.php?rest_route=\/wp\/v2\/pages\/31"}],"wp:attachment":[{"href":"http:\/\/fba.orienteering.sk\/index.php?rest_route=%2Fwp%2Fv2%2Fmedia&parent=58"}],"curies":[{"name":"wp","href":"https:\/\/api.w.org\/{rel}","templated":true}]}}