{"id":56,"date":"2015-04-15T21:58:35","date_gmt":"2015-04-15T20:58:35","guid":{"rendered":"http:\/\/fba_nove.orienteering.sk\/?page_id=56"},"modified":"2021-02-19T14:52:15","modified_gmt":"2021-02-19T12:52:15","slug":"v-com-sme-dobri","status":"publish","type":"page","link":"http:\/\/fba.orienteering.sk\/?page_id=56","title":{"rendered":"V hlavn\u00fdch \u00faloh\u00e1ch"},"content":{"rendered":"<p>predseda: Du\u0161an Hrn\u010diar<br \/>\n<div id=\"attachment_4521\" style=\"width: 128px\" class=\"wp-caption alignnone\"><a href=\"http:\/\/fba.orienteering.sk\/wp-content\/uploads\/2021\/02\/hrnky.jpg\"><img aria-describedby=\"caption-attachment-4521\" loading=\"lazy\" src=\"http:\/\/fba.orienteering.sk\/wp-content\/uploads\/2021\/02\/hrnky.jpg\" alt=\"\" width=\"118\" height=\"135\" class=\"size-full wp-image-4521\" \/><\/a><p id=\"caption-attachment-4521\" class=\"wp-caption-text\">Du\u0161an Hrn\u010diar<\/p><\/div><br \/>\n\u010dlenovia v\u00fdboru: Hanka \u0160mel\u00edkov\u00e1, Maro\u0161 Bukov\u00e1c<br \/>\n\n\t\t<style type=\"text\/css\">\n\t\t\t#gallery-1 {\n\t\t\t\tmargin: auto;\n\t\t\t}\n\t\t\t#gallery-1 .gallery-item {\n\t\t\t\tfloat: left;\n\t\t\t\tmargin-top: 10px;\n\t\t\t\ttext-align: center;\n\t\t\t\twidth: 33%;\n\t\t\t}\n\t\t\t#gallery-1 img {\n\t\t\t\tborder: 2px solid #cfcfcf;\n\t\t\t}\n\t\t\t#gallery-1 .gallery-caption {\n\t\t\t\tmargin-left: 0;\n\t\t\t}\n\t\t\t\/* see gallery_shortcode() in wp-includes\/media.php *\/\n\t\t<\/style>\n\t\t<div id='gallery-1' class='gallery galleryid-56 gallery-columns-3 gallery-size-thumbnail'><dl class='gallery-item'>\n\t\t\t<dt class='gallery-icon landscape'>\n\t\t\t\t<a href='http:\/\/fba.orienteering.sk\/?attachment_id=478'><img width=\"150\" height=\"150\" src=\"http:\/\/fba.orienteering.sk\/wp-content\/uploads\/2015\/04\/P5090027-150x150.jpg\" class=\"attachment-thumbnail size-thumbnail\" alt=\"\" loading=\"lazy\" aria-describedby=\"gallery-1-478\" srcset=\"http:\/\/fba.orienteering.sk\/wp-content\/uploads\/2015\/04\/P5090027-150x150.jpg 150w, http:\/\/fba.orienteering.sk\/wp-content\/uploads\/2015\/04\/P5090027-300x300.jpg 300w, http:\/\/fba.orienteering.sk\/wp-content\/uploads\/2015\/04\/P5090027-220x220.jpg 220w\" sizes=\"(max-width: 150px) 100vw, 150px\" \/><\/a>\n\t\t\t<\/dt>\n\t\t\t\t<dd class='wp-caption-text gallery-caption' id='gallery-1-478'>\n\t\t\t\tHanka \u0160mel\u00edkov\u00e1\n\t\t\t\t<\/dd><\/dl><dl class='gallery-item'>\n\t\t\t<dt class='gallery-icon portrait'>\n\t\t\t\t<a href='http:\/\/fba.orienteering.sk\/?attachment_id=4455'><img width=\"150\" height=\"150\" src=\"http:\/\/fba.orienteering.sk\/wp-content\/uploads\/2021\/02\/IMGP3680-150x150.jpg\" class=\"attachment-thumbnail size-thumbnail\" alt=\"\" loading=\"lazy\" aria-describedby=\"gallery-1-4455\" srcset=\"http:\/\/fba.orienteering.sk\/wp-content\/uploads\/2021\/02\/IMGP3680-150x150.jpg 150w, http:\/\/fba.orienteering.sk\/wp-content\/uploads\/2021\/02\/IMGP3680-300x300.jpg 300w, http:\/\/fba.orienteering.sk\/wp-content\/uploads\/2021\/02\/IMGP3680-220x220.jpg 220w\" sizes=\"(max-width: 150px) 100vw, 150px\" \/><\/a>\n\t\t\t<\/dt>\n\t\t\t\t<dd class='wp-caption-text gallery-caption' id='gallery-1-4455'>\n\t\t\t\tMaro\u0161 Bukov\u00e1c\n\t\t\t\t<\/dd><\/dl>\n\t\t\t<br style='clear: both' \/>\n\t\t<\/div>\n<br \/>\nhospod\u00e1r: J\u00e1n Mi\u017e\u00far<br \/>\n<a href=\"http:\/\/fba.orienteering.sk\/wp-content\/uploads\/2021\/02\/Jano-Mi\u017e\u00far-200x300-1.jpg\"><img loading=\"lazy\" src=\"http:\/\/fba.orienteering.sk\/wp-content\/uploads\/2021\/02\/Jano-Mi\u017e\u00far-200x300-1.jpg\" alt=\"\" width=\"158\" height=\"170\" class=\"alignnone size-full wp-image-4504\" \/><\/a><br \/>\nekon\u00f3m: M\u00e1ria Maruniakov\u00e1<br \/>\n<a href=\"http:\/\/fba.orienteering.sk\/wp-content\/uploads\/2021\/02\/P5090023-300x225.jpg\"><img loading=\"lazy\" src=\"http:\/\/fba.orienteering.sk\/wp-content\/uploads\/2021\/02\/P5090023-300x225.jpg\" alt=\"\" width=\"188\" height=\"185\" class=\"alignnone size-full wp-image-4466\" \/><\/a><br \/>\nprihlasovanie na preteky: Peter Mi\u017e\u00far<br \/>\n<a href=\"http:\/\/fba.orienteering.sk\/wp-content\/uploads\/2021\/02\/Pe\u0165o.jpg\"><img loading=\"lazy\" src=\"http:\/\/fba.orienteering.sk\/wp-content\/uploads\/2021\/02\/Pe\u0165o.jpg\" alt=\"\" width=\"185\" height=\"180\" class=\"alignnone size-full wp-image-4477\" \/><\/a><br \/>\nkartografi:\u00a0Du\u0161an Furucz, Maro\u0161 Bukov\u00e1c, Peter Glon\u010d\u00e1k, J\u00e1n Furucz, Palo Bukov\u00e1c<br \/>\n\n\t\t<style type=\"text\/css\">\n\t\t\t#gallery-2 {\n\t\t\t\tmargin: auto;\n\t\t\t}\n\t\t\t#gallery-2 .gallery-item {\n\t\t\t\tfloat: left;\n\t\t\t\tmargin-top: 10px;\n\t\t\t\ttext-align: center;\n\t\t\t\twidth: 20%;\n\t\t\t}\n\t\t\t#gallery-2 img {\n\t\t\t\tborder: 2px solid #cfcfcf;\n\t\t\t}\n\t\t\t#gallery-2 .gallery-caption {\n\t\t\t\tmargin-left: 0;\n\t\t\t}\n\t\t\t\/* see gallery_shortcode() in wp-includes\/media.php *\/\n\t\t<\/style>\n\t\t<div id='gallery-2' class='gallery galleryid-56 gallery-columns-5 gallery-size-thumbnail'><dl class='gallery-item'>\n\t\t\t<dt class='gallery-icon landscape'>\n\t\t\t\t<a href='http:\/\/fba.orienteering.sk\/?attachment_id=4494'><img width=\"150\" height=\"150\" src=\"http:\/\/fba.orienteering.sk\/wp-content\/uploads\/2021\/02\/Du\u0161an-150x150.jpg\" class=\"attachment-thumbnail size-thumbnail\" alt=\"\" loading=\"lazy\" aria-describedby=\"gallery-2-4494\" \/><\/a>\n\t\t\t<\/dt>\n\t\t\t\t<dd class='wp-caption-text gallery-caption' id='gallery-2-4494'>\n\t\t\t\tDu\u0161an Furucz\n\t\t\t\t<\/dd><\/dl><dl class='gallery-item'>\n\t\t\t<dt class='gallery-icon portrait'>\n\t\t\t\t<a href='http:\/\/fba.orienteering.sk\/?attachment_id=4499'><img width=\"150\" height=\"150\" src=\"http:\/\/fba.orienteering.sk\/wp-content\/uploads\/2021\/02\/IMG_3461-271x300-150x150.jpg\" class=\"attachment-thumbnail size-thumbnail\" alt=\"\" loading=\"lazy\" aria-describedby=\"gallery-2-4499\" srcset=\"http:\/\/fba.orienteering.sk\/wp-content\/uploads\/2021\/02\/IMG_3461-271x300-150x150.jpg 150w, http:\/\/fba.orienteering.sk\/wp-content\/uploads\/2021\/02\/IMG_3461-271x300-271x270.jpg 271w, http:\/\/fba.orienteering.sk\/wp-content\/uploads\/2021\/02\/IMG_3461-271x300-220x220.jpg 220w\" sizes=\"(max-width: 150px) 100vw, 150px\" \/><\/a>\n\t\t\t<\/dt>\n\t\t\t\t<dd class='wp-caption-text gallery-caption' id='gallery-2-4499'>\n\t\t\t\tMaro\u0161 Bukov\u00e1c\n\t\t\t\t<\/dd><\/dl><dl class='gallery-item'>\n\t\t\t<dt class='gallery-icon portrait'>\n\t\t\t\t<a href='http:\/\/fba.orienteering.sk\/?attachment_id=4493'><img width=\"150\" height=\"150\" src=\"http:\/\/fba.orienteering.sk\/wp-content\/uploads\/2021\/02\/glonky-150x150.jpg\" class=\"attachment-thumbnail size-thumbnail\" alt=\"\" loading=\"lazy\" aria-describedby=\"gallery-2-4493\" srcset=\"http:\/\/fba.orienteering.sk\/wp-content\/uploads\/2021\/02\/glonky-150x150.jpg 150w, http:\/\/fba.orienteering.sk\/wp-content\/uploads\/2021\/02\/glonky-220x220.jpg 220w\" sizes=\"(max-width: 150px) 100vw, 150px\" \/><\/a>\n\t\t\t<\/dt>\n\t\t\t\t<dd class='wp-caption-text gallery-caption' id='gallery-2-4493'>\n\t\t\t\tPeter Glon\u010d\u00e1k\n\t\t\t\t<\/dd><\/dl><dl class='gallery-item'>\n\t\t\t<dt class='gallery-icon portrait'>\n\t\t\t\t<a href='http:\/\/fba.orienteering.sk\/?attachment_id=4498'><img width=\"150\" height=\"150\" src=\"http:\/\/fba.orienteering.sk\/wp-content\/uploads\/2021\/02\/Captura20de20ecra\u030320-202016-09-252018_14_32-150x150.png\" class=\"attachment-thumbnail size-thumbnail\" alt=\"\" loading=\"lazy\" aria-describedby=\"gallery-2-4498\" \/><\/a>\n\t\t\t<\/dt>\n\t\t\t\t<dd class='wp-caption-text gallery-caption' id='gallery-2-4498'>\n\t\t\t\tJanko Furucz\n\t\t\t\t<\/dd><\/dl><dl class='gallery-item'>\n\t\t\t<dt class='gallery-icon portrait'>\n\t\t\t\t<a href='http:\/\/fba.orienteering.sk\/?attachment_id=4509'><img width=\"150\" height=\"150\" src=\"http:\/\/fba.orienteering.sk\/wp-content\/uploads\/2021\/02\/Sn\u00edmka-150x150.jpg\" class=\"attachment-thumbnail size-thumbnail\" alt=\"\" loading=\"lazy\" aria-describedby=\"gallery-2-4509\" \/><\/a>\n\t\t\t<\/dt>\n\t\t\t\t<dd class='wp-caption-text gallery-caption' id='gallery-2-4509'>\n\t\t\t\tPalo Bukov\u00e1c\n\t\t\t\t<\/dd><\/dl><br style=\"clear: both\" \/>\n\t\t<\/div>\n<br \/>\ntr\u00e9neri: Maro\u0161 Bukov\u00e1c T2,\u00a0Alena Bukov\u00e1cov\u00e1 T2, Marek Koman<\/p>\n<p>rozhodcovia: J\u00e1n Mi\u017e\u00far R2, J\u00e1n Furucz R1, Maro\u0161 Bukov\u00e1c R2, Alena Bukov\u00e1cov\u00e1 R2<br \/>\n\n\t\t<style type=\"text\/css\">\n\t\t\t#gallery-3 {\n\t\t\t\tmargin: auto;\n\t\t\t}\n\t\t\t#gallery-3 .gallery-item {\n\t\t\t\tfloat: left;\n\t\t\t\tmargin-top: 10px;\n\t\t\t\ttext-align: center;\n\t\t\t\twidth: 25%;\n\t\t\t}\n\t\t\t#gallery-3 img {\n\t\t\t\tborder: 2px solid #cfcfcf;\n\t\t\t}\n\t\t\t#gallery-3 .gallery-caption {\n\t\t\t\tmargin-left: 0;\n\t\t\t}\n\t\t\t\/* see gallery_shortcode() in wp-includes\/media.php *\/\n\t\t<\/style>\n\t\t<div id='gallery-3' class='gallery galleryid-56 gallery-columns-4 gallery-size-thumbnail'><dl class='gallery-item'>\n\t\t\t<dt class='gallery-icon portrait'>\n\t\t\t\t<a href='http:\/\/fba.orienteering.sk\/?attachment_id=4506'><img width=\"150\" height=\"150\" src=\"http:\/\/fba.orienteering.sk\/wp-content\/uploads\/2021\/02\/images-1-150x150.jpg\" class=\"attachment-thumbnail size-thumbnail\" alt=\"\" loading=\"lazy\" aria-describedby=\"gallery-3-4506\" \/><\/a>\n\t\t\t<\/dt>\n\t\t\t\t<dd class='wp-caption-text gallery-caption' id='gallery-3-4506'>\n\t\t\t\tJano Mi\u017e\u00far\n\t\t\t\t<\/dd><\/dl><dl class='gallery-item'>\n\t\t\t<dt class='gallery-icon portrait'>\n\t\t\t\t<a href='http:\/\/fba.orienteering.sk\/?attachment_id=4495'><img width=\"150\" height=\"150\" src=\"http:\/\/fba.orienteering.sk\/wp-content\/uploads\/2021\/02\/janko-150x150.jpg\" class=\"attachment-thumbnail size-thumbnail\" alt=\"\" loading=\"lazy\" aria-describedby=\"gallery-3-4495\" \/><\/a>\n\t\t\t<\/dt>\n\t\t\t\t<dd class='wp-caption-text gallery-caption' id='gallery-3-4495'>\n\t\t\t\tJanko Furucz\n\t\t\t\t<\/dd><\/dl><dl class='gallery-item'>\n\t\t\t<dt class='gallery-icon portrait'>\n\t\t\t\t<a href='http:\/\/fba.orienteering.sk\/?attachment_id=4511'><img width=\"150\" height=\"150\" src=\"http:\/\/fba.orienteering.sk\/wp-content\/uploads\/2021\/02\/maro\u0161-1-150x150.jpg\" class=\"attachment-thumbnail size-thumbnail\" alt=\"\" loading=\"lazy\" aria-describedby=\"gallery-3-4511\" srcset=\"http:\/\/fba.orienteering.sk\/wp-content\/uploads\/2021\/02\/maro\u0161-1-150x150.jpg 150w, http:\/\/fba.orienteering.sk\/wp-content\/uploads\/2021\/02\/maro\u0161-1-220x220.jpg 220w\" sizes=\"(max-width: 150px) 100vw, 150px\" \/><\/a>\n\t\t\t<\/dt>\n\t\t\t\t<dd class='wp-caption-text gallery-caption' id='gallery-3-4511'>\n\t\t\t\tMaro\u0161 Bukov\u00e1c\n\t\t\t\t<\/dd><\/dl><dl class='gallery-item'>\n\t\t\t<dt class='gallery-icon portrait'>\n\t\t\t\t<a href='http:\/\/fba.orienteering.sk\/?attachment_id=4505'><img width=\"150\" height=\"150\" src=\"http:\/\/fba.orienteering.sk\/wp-content\/uploads\/2021\/02\/Alena-Bukov\u00e1cov\u00e1-SVK-M2-national-coach-150x150.jpg\" class=\"attachment-thumbnail size-thumbnail\" alt=\"\" loading=\"lazy\" aria-describedby=\"gallery-3-4505\" \/><\/a>\n\t\t\t<\/dt>\n\t\t\t\t<dd class='wp-caption-text gallery-caption' id='gallery-3-4505'>\n\t\t\t\tAlena Bukov\u00e1cov\u00e1\n\t\t\t\t<\/dd><\/dl><br style=\"clear: both\" \/>\n\t\t<\/div>\n<br \/>\ntechnick\u00e9 zabezpe\u010denie v\u00fdsledkov: Laco Kasza<br \/>\n<a href=\"http:\/\/fba.orienteering.sk\/wp-content\/uploads\/2021\/02\/IMGP3476.jpg\"><img loading=\"lazy\" src=\"http:\/\/fba.orienteering.sk\/wp-content\/uploads\/2021\/02\/IMGP3476.jpg\" alt=\"\" width=\"153\" height=\"167\" class=\"alignnone size-full wp-image-4484\" \/><\/a><br \/>\noddielov\u00e9 oble\u010denie: Hanka \u0160mel\u00edkov\u00e1<br \/>\n<a href=\"http:\/\/fba.orienteering.sk\/wp-content\/uploads\/2021\/02\/Hanka-ezinok-3191.jpg\"><img loading=\"lazy\" src=\"http:\/\/fba.orienteering.sk\/wp-content\/uploads\/2021\/02\/Hanka-ezinok-3191.jpg\" alt=\"\" width=\"182\" height=\"187\" class=\"alignnone size-full wp-image-4485\" \/><\/a><br \/>\nspr\u00e1va str\u00e1nok:\u00a0Bra\u0148o Kendra, Alena Bukov\u00e1cov\u00e1, J\u00e1n Furucz<br \/>\n\n\t\t<style type=\"text\/css\">\n\t\t\t#gallery-4 {\n\t\t\t\tmargin: auto;\n\t\t\t}\n\t\t\t#gallery-4 .gallery-item {\n\t\t\t\tfloat: left;\n\t\t\t\tmargin-top: 10px;\n\t\t\t\ttext-align: center;\n\t\t\t\twidth: 33%;\n\t\t\t}\n\t\t\t#gallery-4 img {\n\t\t\t\tborder: 2px solid #cfcfcf;\n\t\t\t}\n\t\t\t#gallery-4 .gallery-caption {\n\t\t\t\tmargin-left: 0;\n\t\t\t}\n\t\t\t\/* see gallery_shortcode() in wp-includes\/media.php *\/\n\t\t<\/style>\n\t\t<div id='gallery-4' class='gallery galleryid-56 gallery-columns-3 gallery-size-thumbnail'><dl class='gallery-item'>\n\t\t\t<dt class='gallery-icon landscape'>\n\t\t\t\t<a href='http:\/\/fba.orienteering.sk\/?attachment_id=4491'><img width=\"150\" height=\"150\" src=\"http:\/\/fba.orienteering.sk\/wp-content\/uploads\/2021\/02\/Bra\u0148o-150x150.jpg\" class=\"attachment-thumbnail size-thumbnail\" alt=\"\" loading=\"lazy\" aria-describedby=\"gallery-4-4491\" \/><\/a>\n\t\t\t<\/dt>\n\t\t\t\t<dd class='wp-caption-text gallery-caption' id='gallery-4-4491'>\n\t\t\t\tBra\u0148o Kendra\n\t\t\t\t<\/dd><\/dl><dl class='gallery-item'>\n\t\t\t<dt class='gallery-icon portrait'>\n\t\t\t\t<a href='http:\/\/fba.orienteering.sk\/?attachment_id=4507'><img width=\"150\" height=\"150\" src=\"http:\/\/fba.orienteering.sk\/wp-content\/uploads\/2021\/02\/EST_0505-150x150.jpg\" class=\"attachment-thumbnail size-thumbnail\" alt=\"\" loading=\"lazy\" aria-describedby=\"gallery-4-4507\" srcset=\"http:\/\/fba.orienteering.sk\/wp-content\/uploads\/2021\/02\/EST_0505-150x150.jpg 150w, http:\/\/fba.orienteering.sk\/wp-content\/uploads\/2021\/02\/EST_0505-300x300.jpg 300w, http:\/\/fba.orienteering.sk\/wp-content\/uploads\/2021\/02\/EST_0505-220x220.jpg 220w\" sizes=\"(max-width: 150px) 100vw, 150px\" \/><\/a>\n\t\t\t<\/dt>\n\t\t\t\t<dd class='wp-caption-text gallery-caption' id='gallery-4-4507'>\n\t\t\t\tAlena Bukov\u00e1cov\u00e1\n\t\t\t\t<\/dd><\/dl><dl class='gallery-item'>\n\t\t\t<dt class='gallery-icon portrait'>\n\t\t\t\t<a href='http:\/\/fba.orienteering.sk\/?attachment_id=4470'><img width=\"150\" height=\"150\" src=\"http:\/\/fba.orienteering.sk\/wp-content\/uploads\/2021\/02\/IMG_0525-1024x768-150x150.jpg\" class=\"attachment-thumbnail size-thumbnail\" alt=\"\" loading=\"lazy\" aria-describedby=\"gallery-4-4470\" srcset=\"http:\/\/fba.orienteering.sk\/wp-content\/uploads\/2021\/02\/IMG_0525-1024x768-150x150.jpg 150w, http:\/\/fba.orienteering.sk\/wp-content\/uploads\/2021\/02\/IMG_0525-1024x768-300x300.jpg 300w, http:\/\/fba.orienteering.sk\/wp-content\/uploads\/2021\/02\/IMG_0525-1024x768-220x220.jpg 220w\" sizes=\"(max-width: 150px) 100vw, 150px\" \/><\/a>\n\t\t\t<\/dt>\n\t\t\t\t<dd class='wp-caption-text gallery-caption' id='gallery-4-4470'>\n\t\t\t\tJ\u00e1n Furucz\n\t\t\t\t<\/dd><\/dl><br style=\"clear: both\" \/>\n\t\t<\/div>\n<\/p>\n","protected":false},"excerpt":{"rendered":"<p>predseda: Du\u0161an Hrn\u010diar \u010dlenovia v\u00fdboru: Hanka \u0160mel\u00edkov\u00e1, Maro\u0161 Bukov\u00e1c hospod\u00e1r: J\u00e1n Mi\u017e\u00far ekon\u00f3m: M\u00e1ria Maruniakov\u00e1 prihlasovanie na preteky: Peter Mi\u017e\u00far kartografi:\u00a0Du\u0161an Furucz, Maro\u0161 Bukov\u00e1c, Peter Glon\u010d\u00e1k, J\u00e1n Furucz, Palo Bukov\u00e1c tr\u00e9neri: Maro\u0161 Bukov\u00e1c T2,\u00a0Alena Bukov\u00e1cov\u00e1 T2,<a class=\"moretag\" href=\"http:\/\/fba.orienteering.sk\/?page_id=56\">Read More&#8230;<\/a><\/p>\n","protected":false},"author":2,"featured_media":0,"parent":5,"menu_order":0,"comment_status":"open","ping_status":"open","template":"","meta":[],"_links":{"self":[{"href":"http:\/\/fba.orienteering.sk\/index.php?rest_route=\/wp\/v2\/pages\/56"}],"collection":[{"href":"http:\/\/fba.orienteering.sk\/index.php?rest_route=\/wp\/v2\/pages"}],"about":[{"href":"http:\/\/fba.orienteering.sk\/index.php?rest_route=\/wp\/v2\/types\/page"}],"author":[{"embeddable":true,"href":"http:\/\/fba.orienteering.sk\/index.php?rest_route=\/wp\/v2\/users\/2"}],"replies":[{"embeddable":true,"href":"http:\/\/fba.orienteering.sk\/index.php?rest_route=%2Fwp%2Fv2%2Fcomments&post=56"}],"version-history":[{"count":61,"href":"http:\/\/fba.orienteering.sk\/index.php?rest_route=\/wp\/v2\/pages\/56\/revisions"}],"predecessor-version":[{"id":4523,"href":"http:\/\/fba.orienteering.sk\/index.php?rest_route=\/wp\/v2\/pages\/56\/revisions\/4523"}],"up":[{"embeddable":true,"href":"http:\/\/fba.orienteering.sk\/index.php?rest_route=\/wp\/v2\/pages\/5"}],"wp:attachment":[{"href":"http:\/\/fba.orienteering.sk\/index.php?rest_route=%2Fwp%2Fv2%2Fmedia&parent=56"}],"curies":[{"name":"wp","href":"https:\/\/api.w.org\/{rel}","templated":true}]}}