{"id":5,"date":"2014-12-09T15:04:33","date_gmt":"2014-12-09T14:04:33","guid":{"rendered":"http:\/\/fba_nove.orienteering.sk\/?page_id=5"},"modified":"2015-04-26T20:50:55","modified_gmt":"2015-04-26T19:50:55","slug":"nieco-o-nas","status":"publish","type":"page","link":"http:\/\/fba.orienteering.sk\/?page_id=5","title":{"rendered":"Nie\u010do o n\u00e1s &#8230;"},"content":{"rendered":"<p style=\"text-align: justify;\">Trochu m\u00e1lo z hist\u00f3rie &#8230;<\/p>\n<p style=\"text-align: justify;\">Oddiel orienta\u010dn\u00e9ho behu Farmaceut Bratislava vznikol pribli\u017ene pred 30 rokmi ako vysoko\u0161kolsk\u00fd klub pri Farmaceutickej fakulte UK v Bratislave. Je s\u00fa\u010das\u0165ou Telov\u00fdchovnej jednoty Farmaceut Bratislava, ktor\u00e1 okrem orienta\u010dn\u00e9ho behu zastre\u0161uje aj turistick\u00fd oddiel. Po\u010das svojej existencie klub vychoval nieko\u013eko \u017eiackych, dorasteneck\u00fdch, juniorsk\u00fdch, akademick\u00fdch a aj seniorsk\u00fdch reprezentantov, ktor\u00ed \u00faspe\u0161ne reprezentovali Slovensko na svetov\u00fdch aj eur\u00f3pskych \u0161ampion\u00e1toch, svetov\u00fdch poh\u00e1roch, stretnutiach ml\u00e1de\u017ee a mnoh\u00fdch in\u00fdch medzi\u0161t\u00e1tnych podujatiach.<\/p>\n<p style=\"text-align: justify;\">Trochu zo s\u00fa\u010dasnosti &#8230;<\/p>\n<p style=\"text-align: justify;\">V s\u00fa\u010dasnosti n\u00e1s je v klube pribli\u017ene 25 akt\u00edvnych \u010dlenov. To znamen\u00e1, \u017ee chod\u00edme po pretekoch, kde hlavne kv\u00f4li z\u00e1bave a pobytu na \u010derstvom vzduchu sa stret\u00e1vame a tr\u00e1vime, niektor\u00ed dlh\u0161ie a niektor\u00ed krat\u0161ie, chv\u00edle v lese h\u013eadan\u00edm kontr\u00f4l (toho spr\u00e1vneho smeru zo \u0161tartu do cie\u013ea). Stretn\u00fa\u0165 n\u00e1s m\u00f4\u017eete na v\u0161etk\u00fdch podujatiach v Bratislave. Na celoslovensk\u00fdch s\u00fa\u0165a\u017eiach po celej na\u0161ej krajine sa n\u00e1jde niekto od n\u00e1s a v\u00f4bec nie je n\u00e1hoda vidie\u0165 kohosi v na\u0161ich klubov\u00fdch farb\u00e1ch v \u010cech\u00e1ch alebo v Ma\u010farsku.<\/p>\n<p style=\"text-align: justify;\">Kde n\u00e1s e\u0161te n\u00e1jdete &#8230; takmer v\u0161ade &#8230;<\/p>\n<p style=\"text-align: justify;\">No a v Podunajsk\u00fdch Biskupiciach okrem det\u00ed pom\u00e1hame aj rodi\u010dom na\u0161ich &#8222;kr\u00fa\u017ekarov&#8220; n\u00e1js\u0165 \u010daro behu na kondi\u010dn\u00fdch tr\u00e9ningoch a po\u010das v\u00edkendov sk\u00fa\u0161ame h\u013eada\u0165 kontroly v bratislavsk\u00fdch a okolit\u00fdch lesoch.<\/p>\n","protected":false},"excerpt":{"rendered":"<p>Trochu m\u00e1lo z hist\u00f3rie &#8230; Oddiel orienta\u010dn\u00e9ho behu Farmaceut Bratislava vznikol pribli\u017ene pred 30 rokmi ako vysoko\u0161kolsk\u00fd klub pri Farmaceutickej fakulte UK v Bratislave. Je s\u00fa\u010das\u0165ou Telov\u00fdchovnej jednoty Farmaceut Bratislava, ktor\u00e1 okrem orienta\u010dn\u00e9ho behu zastre\u0161uje aj<a class=\"moretag\" href=\"http:\/\/fba.orienteering.sk\/?page_id=5\">Read More&#8230;<\/a><\/p>\n","protected":false},"author":1,"featured_media":0,"parent":0,"menu_order":0,"comment_status":"open","ping_status":"open","template":"","meta":[],"_links":{"self":[{"href":"http:\/\/fba.orienteering.sk\/index.php?rest_route=\/wp\/v2\/pages\/5"}],"collection":[{"href":"http:\/\/fba.orienteering.sk\/index.php?rest_route=\/wp\/v2\/pages"}],"about":[{"href":"http:\/\/fba.orienteering.sk\/index.php?rest_route=\/wp\/v2\/types\/page"}],"author":[{"embeddable":true,"href":"http:\/\/fba.orienteering.sk\/index.php?rest_route=\/wp\/v2\/users\/1"}],"replies":[{"embeddable":true,"href":"http:\/\/fba.orienteering.sk\/index.php?rest_route=%2Fwp%2Fv2%2Fcomments&post=5"}],"version-history":[{"count":7,"href":"http:\/\/fba.orienteering.sk\/index.php?rest_route=\/wp\/v2\/pages\/5\/revisions"}],"predecessor-version":[{"id":294,"href":"http:\/\/fba.orienteering.sk\/index.php?rest_route=\/wp\/v2\/pages\/5\/revisions\/294"}],"wp:attachment":[{"href":"http:\/\/fba.orienteering.sk\/index.php?rest_route=%2Fwp%2Fv2%2Fmedia&parent=5"}],"curies":[{"name":"wp","href":"https:\/\/api.w.org\/{rel}","templated":true}]}}