{"id":4260,"date":"2020-01-15T11:40:41","date_gmt":"2020-01-15T09:40:41","guid":{"rendered":"http:\/\/fba.orienteering.sk\/?page_id=4260"},"modified":"2020-01-15T12:11:05","modified_gmt":"2020-01-15T10:11:05","slug":"2020-2","status":"publish","type":"page","link":"http:\/\/fba.orienteering.sk\/?page_id=4260","title":{"rendered":"2020"},"content":{"rendered":"<p><span style=\"color: #ff0000;\"><strong>1.3. 2020 OR <\/strong><\/span><\/p>\n<p><span style=\"color: #ff0000;\"><strong>21.4. 2020 Okresn\u00e9 kolo \u0161kolsk\u00e9 preteky <\/strong><\/span><\/p>\n<p><span style=\"color: #ff0000;\"><strong>2.5. 2020 KO \u0161print <\/strong><\/span><\/p>\n<p><span style=\"color: #ff0000;\"><strong>12.5. Krajsk\u00e9 kolo \u0161kolsk\u00e9 preteky<\/strong> <\/span><\/p>\n<p><strong><span style=\"color: #ff0000;\">7-8.11.2020\u00a0WRE a fin\u00e1le Eur\u00f3pskeho poh\u00e1ra v Presnej orient\u00e1cii<\/span><\/strong><\/p>\n","protected":false},"excerpt":{"rendered":"<p>1.3. 2020 OR 21.4. 2020 Okresn\u00e9 kolo \u0161kolsk\u00e9 preteky 2.5. 2020 KO \u0161print 12.5. Krajsk\u00e9 kolo \u0161kolsk\u00e9 preteky 7-8.11.2020\u00a0WRE a fin\u00e1le Eur\u00f3pskeho poh\u00e1ra v Presnej orient\u00e1cii<\/p>\n","protected":false},"author":2,"featured_media":0,"parent":0,"menu_order":0,"comment_status":"closed","ping_status":"closed","template":"","meta":[],"_links":{"self":[{"href":"http:\/\/fba.orienteering.sk\/index.php?rest_route=\/wp\/v2\/pages\/4260"}],"collection":[{"href":"http:\/\/fba.orienteering.sk\/index.php?rest_route=\/wp\/v2\/pages"}],"about":[{"href":"http:\/\/fba.orienteering.sk\/index.php?rest_route=\/wp\/v2\/types\/page"}],"author":[{"embeddable":true,"href":"http:\/\/fba.orienteering.sk\/index.php?rest_route=\/wp\/v2\/users\/2"}],"replies":[{"embeddable":true,"href":"http:\/\/fba.orienteering.sk\/index.php?rest_route=%2Fwp%2Fv2%2Fcomments&post=4260"}],"version-history":[{"count":4,"href":"http:\/\/fba.orienteering.sk\/index.php?rest_route=\/wp\/v2\/pages\/4260\/revisions"}],"predecessor-version":[{"id":4265,"href":"http:\/\/fba.orienteering.sk\/index.php?rest_route=\/wp\/v2\/pages\/4260\/revisions\/4265"}],"wp:attachment":[{"href":"http:\/\/fba.orienteering.sk\/index.php?rest_route=%2Fwp%2Fv2%2Fmedia&parent=4260"}],"curies":[{"name":"wp","href":"https:\/\/api.w.org\/{rel}","templated":true}]}}