{"id":4252,"date":"2020-01-15T10:07:46","date_gmt":"2020-01-15T08:07:46","guid":{"rendered":"http:\/\/fba.orienteering.sk\/?page_id=4252"},"modified":"2020-02-04T09:16:00","modified_gmt":"2020-02-04T07:16:00","slug":"vysledky-2020","status":"publish","type":"page","link":"http:\/\/fba.orienteering.sk\/?page_id=4252","title":{"rendered":"V\u00fdsledky 2020"},"content":{"rendered":"<p>Svoje postupy z pretekov si zakreslujte na str\u00e1nke:<br \/>\n<a href=\"http:\/\/rg.orienteering.sk\/cgi-bin\/reitti.cgi\" target=\"_blank\" rel=\"noopener\">http:\/\/rg.orienteering.sk\/cgi-bin\/reitti.cgi<\/a><\/p>\n<p>Tu si m\u00f4\u017eete pozrie\u0165 kompletn\u00e9 v\u00fdsledky za rok 2020:<br \/>\nV\u00fdsledky Oblastn\u00fd rebr\u00ed\u010dek ZO 2020<br \/>\nV\u00fdsledky Celoslovensk\u00fd ranking za rok 2020<\/p>\n<p><strong><span style=\"color: #ff0000;\">Majstrovstv\u00e1 Slovenska v LOB \u2013 dlh\u00e1 tra\u0165 (1.02.2020 Skalka):<\/span><\/strong><br \/>\n<span style=\"color: #339966;\">1. M17 Filip Bukov\u00e1c<\/span><br \/>\n<span style=\"color: #339966;\">2. M17 Viktor Kotuliak<\/span><br \/>\n<span style=\"color: #339966;\">3. M35 Du\u0161an Hrn\u010diar<\/span><br \/>\n<span style=\"color: #339966;\">3. W35 Alena Bukov\u00e1cov\u00e1<\/span><br \/>\n<strong><span style=\"color: #ff0000;\">Majstrovstv\u00e1 Slovenska v LOB \u2013 \u0161tafety (2.02.2020 Skalka):<\/span><\/strong><br \/>\n<span style=\"color: #339966;\">1. M18 Kotuliak V, Bukov\u00e1c F<\/span><br \/>\n<span style=\"color: #339966;\">1. M70 Hrn\u010diar, \u0160abo<\/span><br \/>\n<span style=\"color: #339966;\">2. M70 <span style=\"text-align: left; text-transform: none; text-indent: 0px; letter-spacing: normal; font-family: 'Source Sans Pro',Helvetica,sans-serif; font-size: 16px; font-style: normal; font-variant: normal; font-weight: 400; text-decoration: none; word-spacing: 0px; display: inline !important; white-space: normal; orphans: 2; float: none; -webkit-text-stroke-width: 0px; background-color: #ffffff;\">Janota, Bukov\u00e1c M<\/span><\/span><br \/>\n<span style=\"color: #339966;\">3. M70 Kotuliakov\u00e1 P, Kotuliak I<\/span><br \/>\n<span style=\"color: #339966;\">3. W19 Kotuliakov\u00e1 L, Herna R<\/span><br \/>\n<span style=\"color: #339966;\">1.W90 Furuczov\u00e1 J, Bukov\u00e1cov\u00e1 A<\/span><br \/>\n<strong><span style=\"color: #ff0000;\">Majstrovstv\u00e1 Slovenska \u2013 \u0161print (16.5.2020 Nov\u00e1 Bystrica)<\/span> <\/strong><\/p>\n<p><strong><span style=\"color: #ff0000;\">Majstrovstv\u00e1 Slovenska \u2013 NOB (18.9.2020 Lu\u010denec)<\/span><\/strong><\/p>\n<p><strong><span style=\"color: #ff0000;\">Majstrovstv\u00e1 Slovenska \u2013 stredn\u00e1 tra\u0165 (3.10.2020 Kamenec pod Vt\u00e1\u010dnikom)<\/span><\/strong><\/p>\n<p><strong><span style=\"color: #ff0000;\">Majstrovstv\u00e1 Slovenska \u2013 \u0161tafiet (4.10.2020 Kamenec pod Vt\u00e1\u010dnikom)<\/span><\/strong><\/p>\n<p><strong><span style=\"color: #ff0000;\">Majstrovstv\u00e1 Slovenska \u2013 long (17.10.2020 Valask\u00e1 Dubov\u00e1)<\/span><\/strong><\/p>\n","protected":false},"excerpt":{"rendered":"<p>Svoje postupy z pretekov si zakreslujte na str\u00e1nke: http:\/\/rg.orienteering.sk\/cgi-bin\/reitti.cgi Tu si m\u00f4\u017eete pozrie\u0165 kompletn\u00e9 v\u00fdsledky za rok 2020: V\u00fdsledky Oblastn\u00fd rebr\u00ed\u010dek ZO 2020 V\u00fdsledky Celoslovensk\u00fd ranking za rok 2020 Majstrovstv\u00e1 Slovenska v LOB \u2013 dlh\u00e1 tra\u0165<a class=\"moretag\" href=\"http:\/\/fba.orienteering.sk\/?page_id=4252\">Read More&#8230;<\/a><\/p>\n","protected":false},"author":2,"featured_media":0,"parent":0,"menu_order":0,"comment_status":"closed","ping_status":"closed","template":"","meta":[],"_links":{"self":[{"href":"http:\/\/fba.orienteering.sk\/index.php?rest_route=\/wp\/v2\/pages\/4252"}],"collection":[{"href":"http:\/\/fba.orienteering.sk\/index.php?rest_route=\/wp\/v2\/pages"}],"about":[{"href":"http:\/\/fba.orienteering.sk\/index.php?rest_route=\/wp\/v2\/types\/page"}],"author":[{"embeddable":true,"href":"http:\/\/fba.orienteering.sk\/index.php?rest_route=\/wp\/v2\/users\/2"}],"replies":[{"embeddable":true,"href":"http:\/\/fba.orienteering.sk\/index.php?rest_route=%2Fwp%2Fv2%2Fcomments&post=4252"}],"version-history":[{"count":5,"href":"http:\/\/fba.orienteering.sk\/index.php?rest_route=\/wp\/v2\/pages\/4252\/revisions"}],"predecessor-version":[{"id":4289,"href":"http:\/\/fba.orienteering.sk\/index.php?rest_route=\/wp\/v2\/pages\/4252\/revisions\/4289"}],"wp:attachment":[{"href":"http:\/\/fba.orienteering.sk\/index.php?rest_route=%2Fwp%2Fv2%2Fmedia&parent=4252"}],"curies":[{"name":"wp","href":"https:\/\/api.w.org\/{rel}","templated":true}]}}