{"id":4230,"date":"2020-01-15T08:40:46","date_gmt":"2020-01-15T06:40:46","guid":{"rendered":"http:\/\/fba.orienteering.sk\/?page_id=4230"},"modified":"2020-01-23T15:47:19","modified_gmt":"2020-01-23T13:47:19","slug":"vysledky-rok-2019","status":"publish","type":"page","link":"http:\/\/fba.orienteering.sk\/?page_id=4230","title":{"rendered":"V\u00fdsledky rok 2019"},"content":{"rendered":"<p>Svoje postupy z pretekov si zakreslujte na str\u00e1nke:<br \/>\n<a href=\"http:\/\/rg.orienteering.sk\/cgi-bin\/reitti.cgi\" target=\"_blank\" rel=\"noopener\">http:\/\/rg.orienteering.sk\/cgi-bin\/reitti.cgi<\/a><\/p>\n<p><span style=\"color: #0000ff;\"><strong>Tu si m\u00f4\u017eete pozrie\u0165 kompletn\u00e9 v\u00fdsledky za rok 2019:<\/strong><\/span><br \/>\n<a href=\"http:\/\/zapad.orienteering.sk\/doc\/2019\/OR2019_10.html\" target=\"_blank\" rel=\"noopener\">V\u00fdsledky Oblastn\u00fd rebr\u00ed\u010dek ZO 2019<\/a><br \/>\n<a href=\"https:\/\/is.orienteering.sk\/ranking\" target=\"_blank\" rel=\"noopener\">V\u00fdsledky Celoslovensk\u00fd ranking za rok 2019 <\/a><\/p>\n<p><span style=\"color: #00ccff;\"><strong>Majstrovstv\u00e1 Slovenska v LOB \u2013 dlh\u00e1 tra\u0165 (16.02.2019 Skalka):<\/strong><\/span><br \/>\n<span style=\"color: #339966;\">1. M14 Filip Bukov\u00e1c<\/span><br \/>\n<span style=\"color: #339966;\">3. W14 Rebecca Herna<\/span><br \/>\n<span style=\"color: #339966;\">3. W35 Alena Bukov\u00e1cov\u00e1<\/span><br \/>\n<span style=\"color: #00ccff;\"><strong>Majstrovstv\u00e1 Slovenska v LOB \u2013 \u0161tafety (17.02.2019 Skalka):<\/strong><\/span><br \/>\n<span style=\"color: #339966;\">3. M14 Bukov\u00e1c, Herna<\/span><br \/>\n<span style=\"color: #339966;\">2. M70 Hrn\u010diar, \u0160abo<\/span><br \/>\n<span style=\"color: #339966;\">3. M70 Janota, Bukov\u00e1c<\/span><br \/>\n<span style=\"color: #ff9900;\"><strong>Majstrovstv\u00e1 Slovenska \u2013 presn\u00e1 orient\u00e1cia PreO (19.5.2019 Nov\u00e9 M\u011bsto nad metuj\u00ed)<\/strong><\/span><br \/>\n<span style=\"color: #339966;\">1. J\u00e1n Furucz<\/span><br \/>\n<span style=\"color: #339966;\">2. \u0160imon Mi\u017e\u00far<\/span><br \/>\n<strong><span style=\"color: #ff0000;\">Majstrovstv\u00e1 Slovenska \u2013 \u0161print (25.5.2019 Trnava)<\/span><\/strong><br \/>\n<span style=\"color: #339966;\">2. M40 Borsk\u00fd Martin<\/span><br \/>\n<span style=\"color: #339966;\">3. M40 Hrn\u010diar Du\u0161an<\/span><br \/>\n<span style=\"color: #339966;\">1. W14 Herna Rebecca<\/span><br \/>\n<span style=\"color: #339966;\">3. W14 Kendrov\u00e1 Tereza<\/span><br \/>\n<span style=\"color: #339966;\">2. W45 \u0160mel\u00edkov\u00e1 Hana<\/span><br \/>\n<span style=\"color: #ff0000;\"><strong>Majstrovstv\u00e1 Slovenska \u2013 stredn\u00e1 tra\u0165 (15.6.2019 Lietava)<\/strong><\/span><br \/>\n<span style=\"color: #339966;\">3. M14 Bukov\u00e1c Filip<\/span><br \/>\n<span style=\"color: #339966;\">3. M60 Mi\u017e\u00far J\u00e1n<\/span><br \/>\n<span style=\"color: #339966;\">1. W14 Herna Rebecca<\/span><br \/>\n<span style=\"color: #339966;\">2. W14 Kendrov\u00e1 Tereza<\/span><br \/>\n<span style=\"color: #339966;\">1 .W45 \u0160mel\u00edkov\u00e1 Hana<\/span><br \/>\n<span style=\"color: #339966;\">2. W55 Mi\u017e\u00farov\u00e1 Jana<\/span><br \/>\n<strong><span style=\"color: #ff0000;\">Majstrovstv\u00e1 Slovenska \u2013 NOB (27.9.2019 Marianka)<\/span><\/strong><br \/>\n<span style=\"color: #339966;\">2. M21 Zbranek Roman<\/span><br \/>\n<span style=\"color: #339966;\">3. M35 Bohu\u0161 Peter<\/span><br \/>\n<span style=\"color: #339966;\">1. M40 Hrn\u010diar Du\u0161an<\/span><br \/>\n<span style=\"color: #339966;\">2. W16 Herna Rebecca<\/span><br \/>\n<span style=\"color: #339966;\">1. W21 Kav\u00e1nkov\u00e1 Iva<\/span><br \/>\n<span style=\"color: #339966;\">1. W40 Komanov\u00e1 Krist\u00edna<\/span><br \/>\n<span style=\"color: #339966;\">3. W40 \u0160mel\u00edkov\u00e1 Hana<\/span><br \/>\n<strong><span style=\"color: #ff0000;\">Majstrovstv\u00e1 Slovenska \u2013 \u0161tafiet (28.9.2019 Bratislava)<\/span><\/strong><br \/>\n<span style=\"color: #339966;\">3. W19 Wartiakov\u00e1, Hrabo\u0161ov\u00e1, Kav\u00e1nkov\u00e1<\/span><br \/>\n<span style=\"color: #339966;\">3. M105 Bohu\u0161, Kotuliak, Koman<\/span><br \/>\n<span style=\"color: #339966;\">2. W105 \u0160mel\u00edkov\u00e1, Komanov\u00e1, Bukov\u00e1cov\u00e1<\/span><br \/>\n<span style=\"color: #339966;\">2. M14 Kasza, Bukov\u00e1c<\/span><br \/>\n<span style=\"color: #339966;\">1. W14 Kendrov\u00e1, Herna<\/span><br \/>\n<strong><span style=\"color: #ff0000;\">Majstrovstv\u00e1 Slovenska \u2013 dlh\u00e1 tra\u0165 (12.10.2019 Lu\u010denec)<\/span><\/strong><br \/>\n<span style=\"color: #339966;\">2. M14 Bukov\u00e1c Filip<\/span><br \/>\n<span style=\"color: #339966;\">3. M60 Mi\u017e\u00far J\u00e1n<\/span><br \/>\n<span style=\"color: #339966;\">1. W14 Herna Rebecca<\/span><br \/>\n<span style=\"color: #339966;\">3. W 14 Kendrov\u00e1 Tereza<\/span><br \/>\n<span style=\"color: #339966;\">1. W45 \u0160mel\u00edkov\u00e1 Hana<\/span><br \/>\n<span style=\"color: #ff9900;\"><strong>Majstrovstv\u00e1 Slovenska \u2013 TempO (19.10.2019 Bratislava)<\/strong><\/span><br \/>\n<span style=\"color: #339966;\">1.Bukov\u00e1c Pavol<\/span><br \/>\n<span style=\"color: #339966;\">2. Furucz Du\u0161an<\/span><br \/>\n<strong><span style=\"color: #ff0000;\">Majstrovstv\u00e1 Slovenska \u2013 \u0161printov\u00e9 \u0161tafety (19.10.2019 Zvolen)<\/span><\/strong><br \/>\n<span style=\"color: #339966;\">1.MWM14 Bukov\u00e1c F, Herna, Kasza<\/span><br \/>\n<span style=\"color: #339966;\">2. MWM19 Bukov\u00e1c P, Kav\u00e1nkov\u00e1, Zbranek<\/span><br \/>\n<span style=\"color: #339966;\">1.MWM105 Bukov\u00e1cM, Bukov\u00e1cov\u00e1, Glon\u010d\u00e1k<\/span><br \/>\n<span style=\"color: #339966;\">3. MWM 165 Mi\u017e\u00far J, Mi\u017e\u00farov\u00e1, Prill<\/span><\/p>\n","protected":false},"excerpt":{"rendered":"<p>Svoje postupy z pretekov si zakreslujte na str\u00e1nke: http:\/\/rg.orienteering.sk\/cgi-bin\/reitti.cgi Tu si m\u00f4\u017eete pozrie\u0165 kompletn\u00e9 v\u00fdsledky za rok 2019: V\u00fdsledky Oblastn\u00fd rebr\u00ed\u010dek ZO 2019 V\u00fdsledky Celoslovensk\u00fd ranking za rok 2019 Majstrovstv\u00e1 Slovenska v LOB \u2013 dlh\u00e1 tra\u0165<a class=\"moretag\" href=\"http:\/\/fba.orienteering.sk\/?page_id=4230\">Read More&#8230;<\/a><\/p>\n","protected":false},"author":2,"featured_media":0,"parent":322,"menu_order":0,"comment_status":"closed","ping_status":"closed","template":"","meta":[],"_links":{"self":[{"href":"http:\/\/fba.orienteering.sk\/index.php?rest_route=\/wp\/v2\/pages\/4230"}],"collection":[{"href":"http:\/\/fba.orienteering.sk\/index.php?rest_route=\/wp\/v2\/pages"}],"about":[{"href":"http:\/\/fba.orienteering.sk\/index.php?rest_route=\/wp\/v2\/types\/page"}],"author":[{"embeddable":true,"href":"http:\/\/fba.orienteering.sk\/index.php?rest_route=\/wp\/v2\/users\/2"}],"replies":[{"embeddable":true,"href":"http:\/\/fba.orienteering.sk\/index.php?rest_route=%2Fwp%2Fv2%2Fcomments&post=4230"}],"version-history":[{"count":8,"href":"http:\/\/fba.orienteering.sk\/index.php?rest_route=\/wp\/v2\/pages\/4230\/revisions"}],"predecessor-version":[{"id":4273,"href":"http:\/\/fba.orienteering.sk\/index.php?rest_route=\/wp\/v2\/pages\/4230\/revisions\/4273"}],"up":[{"embeddable":true,"href":"http:\/\/fba.orienteering.sk\/index.php?rest_route=\/wp\/v2\/pages\/322"}],"wp:attachment":[{"href":"http:\/\/fba.orienteering.sk\/index.php?rest_route=%2Fwp%2Fv2%2Fmedia&parent=4230"}],"curies":[{"name":"wp","href":"https:\/\/api.w.org\/{rel}","templated":true}]}}