{"id":3083,"date":"2018-01-22T20:49:22","date_gmt":"2018-01-22T18:49:22","guid":{"rendered":"http:\/\/fba.orienteering.sk\/?page_id=3083"},"modified":"2018-02-05T23:34:13","modified_gmt":"2018-02-05T21:34:13","slug":"vysledky-2017","status":"publish","type":"page","link":"http:\/\/fba.orienteering.sk\/?page_id=3083","title":{"rendered":"V\u00fdsledky 2017"},"content":{"rendered":"<p><span style=\"color: #ff0000;\"><a style=\"color: #ff0000;\" href=\"https:\/\/is.orienteering.sk\/ranking\" target=\"_blank\"><strong>Celkov\u00e9 v\u00fdsledky<\/strong><strong>\u00a0Slovensk\u00e9ho rebr\u00ed\u010dka jednotlivcov \u2013 2017<\/strong><\/a><\/span><br \/>\nM21 \u2013\u00a0<span style=\"color: #ff0000;\"><strong>2.Pavol Bukov\u00e1c, 3.Peter Mi\u017e\u00far,<\/strong>\u00a05.Peter Glon\u010d\u00e1k, 7.Maro\u0161 Bukov\u00e1c<\/span>,\u00a035.Peter Wartiak, 40.Martin Borsk\u00fd, 46.Du\u0161an Furucz, 54.Du\u0161an Hrn\u010diar, 55.\u0160imon Mi\u017e\u00far, 64.Michal Spi\u0161iak<br \/>\nW21\u00a0\u2013\u00a0<span style=\"color: #0000ff;\">13.Marta Wartiakov\u00e1<\/span>, 36.Jela Furuczov\u00e1<br \/>\nM12 \u2013\u00a0<span style=\"color: #ff0000;\"><strong>1.Filip Bukov\u00e1c<\/strong><\/span>,\u00a0<span style=\"color: #0000ff;\">4.Tom\u00e1\u0161 Kasza<\/span>,\u00a09.Karol Paluska<br \/>\nM14 \u2013 15.Viktor Kotuliak<br \/>\nM35 \u2013 9.Peter Glon\u010d\u00e1k, 16.Vladislav Janota, 20.Du\u0161an\u00a0Furucz<br \/>\nM40\u00a0\u2013\u00a0 7.Ivan Kotuliak, 17.Jozef Paluska, 19.Rastislav Miklu\u0161<br \/>\nM45 \u2013 18.Ladislav Kasza<br \/>\nM60\u00a0\u2013\u00a0<span style=\"color: #0000ff;\">6.J\u00e1n Mi\u017e\u00far<\/span>,\u00a010.Viktor Miklu\u0161<br \/>\nM65 \u2013 8.Viktor Miklu\u0161<br \/>\nM70\u00a0\u2013\u00a0<strong><span style=\"color: #ff0000;\">3.J\u00e1n Nebesk\u00fd<\/span>,\u00a0<\/strong>5.Dezider Baran<br \/>\nW12 \u2013\u00a0<strong>2.Rebecca Herna<\/strong>, 4.Tereza Kendrov\u00e1<br \/>\nW16 \u2013 9.Michaela Patassiov\u00e1,\u00a013.Katar\u00edna Paluskov\u00e1<br \/>\nW18 \u2013\u00a0<span style=\"color: #ff0000;\"><strong>3.Tereza Pru\u017eincov\u00e1<\/strong><\/span>, 7.Magdal\u00e9na Hrabo\u0161ov\u00e1, 10.Ter\u00e9zia \u0160tevicov\u00e1<br \/>\nW35\u00a0\u2013\u00a0<strong><span style=\"color: #ff0000;\">3.Alena Bukov\u00e1cov\u00e1<\/span>,\u00a0<\/strong>9.Katar\u00edna S\u00fdkorov\u00e1, 11.Zuzana Janotov\u00e1<br \/>\nW40 \u2013 8.Petra Kotuliakov\u00e1<br \/>\nW45 \u2013\u00a0<span style=\"color: #ff0000;\"><strong>1<\/strong><strong>.Hana \u0160mel\u00edkov\u00e1<\/strong><\/span>, 15.Petra Rebrov\u00e1<br \/>\nW50 \u2013\u00a05.Jana Mi\u017e\u00farov\u00e1<br \/>\nW60 \u2013 4.Katar\u00edna Da\u0159\u00ed\u010dkov\u00e1<\/p>\n<p><a href=\"http:\/\/zapad.orienteering.sk\/doc\/2017\/OR2017_14.pdf\" target=\"_blank\"><strong>Celkov\u00e9 v\u00fdsledky<\/strong><strong>\u00a0Oblastn\u00e9ho rebr\u00ed\u010dka z\u00e1pad \u2013 2017<\/strong><\/a><br \/>\nM10 \u2013 7.Maro\u0161 Golian<br \/>\nM12 \u2013\u00a01.Tom\u00e1\u0161 Kasza, 2.Filip Bukov\u00e1c, 5.Karol Paluska, 8.Tristan S\u00fdkor<br \/>\nM14 \u2013 6.Viktor Kotuliak<br \/>\nM19 \u2013\u00a01.Pavol Bukov\u00e1c,\u00a03.Peter Mi\u017e\u00far, 5.Maro\u0161 Bukov\u00e1c<br \/>\nM40 \u2013\u00a02.Martin Borsk\u00fd, 6.Ladislav Kasza, 6.Jozef Paluska, 9.Ivan Kotuliak<br \/>\nM55 \u2013\u00a02.J\u00e1n Mi\u017e\u00far, 3.Viktor Miklu\u0161, 6.J\u00e1n Nebesk\u00fd<br \/>\nW10 \u2013\u00a03.Lea Kotuliakov\u00e1<br \/>\nW12 \u2013\u00a03.Tereza Kendrov\u00e1,<br \/>\nW16 \u2013\u00a02.Michaela Patassiov\u00e1,\u00a03.Katar\u00edna Paluskov\u00e1<br \/>\nW18 \u2013\u00a01.Tereza Pru\u017eincov\u00e1,\u00a04.Tereza \u0160tevicov\u00e1<br \/>\nW19 \u2013\u00a07.Jana Stykov\u00e1<br \/>\nW40 \u2013\u00a01.Petra Kotuliakov\u00e1,\u00a03.Hana \u0160mel\u00edkov\u00e1, 7.Petra Rebrov\u00e1<br \/>\nW55 \u2013\u00a01.Katar\u00edna Da\u0159\u00ed\u010dkov\u00e1<br \/>\nOPEN \u2013\u00a02.Katar\u00edna S\u00fdkorov\u00e1, 3.Martin N\u00e9meth, 3.Tibor Novosad, 5.Ida Herna, 8.Marianna Patassiov\u00e1<\/p>\n<p><strong><a href=\"https:\/\/is.orienteering.sk\/sites\/default\/files\/competition_documents\/2017\/12\/1350\/1350_results_sk.pdf\" target=\"_blank\">Mikul\u00e1\u0161ske preteky<\/a>\u00a0\u2013\u00a0<a href=\"http:\/\/miki.tamex2.sk\/20171203_VBA\/vysledky.htm\" target=\"_blank\">14.kolo Oblastn\u00e9ho rebr\u00ed\u010dka Z\u00e1pad\u00a0(3.XII.2017)<\/a><\/strong><br \/>\nM12 \u2013 1.Filip Bukov\u00e1c, 2.Tom\u00e1\u0161 Kasza, 3.Karol Paluska<br \/>\nM19\u00a0\u2013 2.Pavol Bukov\u00e1c<br \/>\nM40 \u2013 1.Martin Borsk\u00fd<br \/>\nW12 \u2013 1.Rebecca Herna, 2.Tereza Kendrov\u00e1,<br \/>\nW16 \u2013 1.Michaela Patassiov\u00e1<br \/>\nW19 \u2013 3.Jana Stykov\u00e1<br \/>\nW40 \u2013 1.Petra Kotuliakov\u00e1<br \/>\nRD2 \u2013 2.Katka Spi\u0161iakov\u00e1<\/p>\n<p><strong><a href=\"https:\/\/is.orienteering.sk\/sites\/default\/files\/competition_documents\/2017\/11\/1349\/1349_results_sk_1.pdf\" target=\"_blank\">Jesenn\u00fd Sporko<\/a>\u00a0\u2013\u00a0<a href=\"https:\/\/is.orienteering.sk\/sites\/default\/files\/competition_documents\/2017\/11\/1349\/1349_splittimes_sk_1.pdf\" target=\"_blank\">13.kolo Oblastn\u00e9ho rebr\u00ed\u010dka Z\u00e1pad\u00a0(5.XI.2017)<\/a><\/strong><br \/>\nM19\u00a0\u2013 1.Pavol Bukov\u00e1c, 3.Peter Mi\u017e\u00far<br \/>\nM55\u00a0\u2013 1.J\u00e1n Mi\u017e\u00far<br \/>\nW12 \u2013 2.Rebecca Herna<br \/>\nW16 \u2013 1.Michaela Patassiov\u00e1<br \/>\nW18 \u2013 1.Tereza Pru\u017eincov\u00e1<br \/>\nOPEN\u00a0\u2013 3.Tibor Novosad<\/p>\n<p><strong><a href=\"https:\/\/is.orienteering.sk\/sites\/default\/files\/competition_documents\/2017\/10\/1345\/1345_results_sk.pdf\" target=\"_blank\">Jesenn\u00e1 cena Rapidu<\/a>\u00a0\u2013\u00a0<a href=\"http:\/\/miki.tamex.sk\/20171008_RBA\/protokol.htm\" target=\"_blank\">12.kolo Oblastn\u00e9ho rebr\u00ed\u010dka Z\u00e1pad\u00a0(8.X.2017)<\/a><\/strong><br \/>\nM12 \u2013 3.Karol Paluska<br \/>\nM19\u00a0\u2013 2.Peter Mi\u017e\u00far<br \/>\nW16 \u2013 1.Michaela Patassiov\u00e1, 2.Katar\u00edna Paluskov\u00e1<br \/>\nW18 \u2013 1.Tereza Pru\u017eincov\u00e1<br \/>\nW19 \u2013 1.Jana Stykov\u00e1<br \/>\nW55 \u2013 1.Katar\u00edna Da\u0159\u00ed\u010dkov\u00e1<br \/>\nRD\u00a0\u2013 1.Michal Spi\u0161iak, 2.Katka Spi\u0161iakov\u00e1<br \/>\nOPEN\u00a0\u2013 3.Tibor Novosad<\/p>\n<p><strong><a href=\"https:\/\/is.orienteering.sk\/competitions\/1343\/results\/91\" target=\"_blank\">\u0160t\u00farov Baj\u00faz<\/a>\u00a0\u2013\u00a0<a href=\"http:\/\/obasen.orientering.se\/winsplits\/online\/en\/default.asp?page=classes&amp;databaseId=51833&amp;ct=true\" target=\"_blank\">11.kolo Oblastn\u00e9ho rebr\u00ed\u010dka Z\u00e1pad\u00a0(30.IX.2017)<\/a><\/strong><br \/>\nM12 \u2013 2.Tom\u00e1\u0161 Kasza<br \/>\nM19\u00a0\u2013 1.Maro\u0161 Bukov\u00e1c<br \/>\nM40 \u2013 2.Martin Borsk\u00fd<br \/>\nM55\u00a0\u2013 2.J\u00e1n Mi\u017e\u00far, 3.Viktor Miklu\u0161<br \/>\nOPEN\u00a0\u2013 2.Marek Koman, 3.Martin N\u00e9meth<\/p>\n<p><strong><a href=\"https:\/\/is.orienteering.sk\/sites\/default\/files\/competition_documents\/2017\/06\/1342\/1342_results_sk.pdf\" target=\"_blank\">Spoznaj svoj les<\/a>\u00a0\u2013\u00a0<a href=\"http:\/\/obasen.orientering.se\/winsplits\/online\/en\/default.asp?page=classes&amp;databaseId=49498\" target=\"_blank\">10.kolo Oblastn\u00e9ho rebr\u00ed\u010dka Z\u00e1pad\u00a0(10.VI.2017)<\/a><\/strong><br \/>\nM12 \u2013 1.Tom\u00e1\u0161 Kasza, 3.Karol Paluska<br \/>\nM40 \u2013 2.Martin Borsk\u00fd<br \/>\nM55\u00a0\u2013 1.J\u00e1n Mi\u017e\u00far<br \/>\nW12 \u2013 2.Rebecca Herna<br \/>\nW19 \u2013 2.Magdal\u00e9na Hrabo\u0161ov\u00e1<br \/>\nW55 \u2013 1.Katar\u00edna Da\u0159\u00ed\u010dkov\u00e1<br \/>\nOPEN\u00a0\u2013 3.Lea Simaichlov\u00e1<\/p>\n<p><strong><a href=\"https:\/\/is.orienteering.sk\/competitions\/1340\/results\/81\" target=\"_blank\">Mal\u00fd Vazk\u00e1rik<\/a>\u00a0\u2013\u00a0<a href=\"http:\/\/vazkarik.vba.sk\/2017\/vysledky\/vysledky.htm\" target=\"_blank\">9.kolo Oblastn\u00e9ho rebr\u00ed\u010dka Z\u00e1pad\u00a0(23.IV.2017)<\/a><\/strong><br \/>\nM12 \u2013 2.Tom\u00e1\u0161 Kasza<br \/>\nM19\u00a0\u2013 2.Pavol Bukov\u00e1c, 3.Peter Mi\u017e\u00far<br \/>\nM40 \u2013 2.Martin Borsk\u00fd<br \/>\nM55\u00a0\u2013 2.J\u00e1n Mi\u017e\u00far<br \/>\nW10 \u2013 2.Lea Kotuliakov\u00e1<br \/>\nW12 \u2013 2.Rebecca Herna<br \/>\nW16 \u2013 2.Michaela Patassiov\u00e1<br \/>\nW40 \u2013 3.Petra Kotuliakov\u00e1<br \/>\nW55 \u2013 3.Katar\u00edna Da\u0159\u00ed\u010dkov\u00e1<br \/>\nRD\u00a0\u2013 3.Teo Martin N\u00e9meth<\/p>\n<p><strong><a href=\"http:\/\/sandberg.orienteering.sk\/snezienka\/2017\/resultsSprintSK.html\" target=\"_blank\">Sne\u017eienky a Machri<\/a>\u00a0\u2013\u00a0<a href=\"http:\/\/obasen.orientering.se\/winsplits\/online\/en\/default.asp?page=classes&amp;databaseId=47621&amp;ct=true\" target=\"_blank\">8.kolo Oblastn\u00e9ho rebr\u00ed\u010dka Z\u00e1pad\u00a0(26.III.2017)<\/a><\/strong><br \/>\nM12 \u2013 1.Filip Bukov\u00e1c, 2.Karol Paluska<br \/>\nM19\u00a0\u2013 1.Pavol Bukov\u00e1c, 3.Peter Mi\u017e\u00far<br \/>\nW10 \u2013 1.Lea Kotuliakov\u00e1<br \/>\nW12 \u2013 1.Rebecca Herna<br \/>\nW16\u00a0\u2013 2.Katar\u00edna Paluskov\u00e1, 3.Michaela Patassiov\u00e1<br \/>\nW40 \u2013 2.Petra Kotuliakov\u00e1<br \/>\nW55 \u2013 3.Katar\u00edna Da\u0159\u00ed\u010dkov\u00e1<br \/>\nOPEN\u00a0\u2013 1.Katar\u00edna S\u00fdkorov\u00e1, 3.Martin N\u00e9meth<br \/>\nRD\u00a0\u2013 2.Teo Martin N\u00e9meth<\/p>\n<p><a href=\"http:\/\/miki.tamex.sk\/20170319_RBA\/vysledky.htm\" target=\"_blank\"><strong>Prv\u00fd Jarn\u00fd kufor\u00a0\u2013 7.kolo Oblastn\u00e9ho rebr\u00ed\u010dka Z\u00e1pad\u00a0(19.III.2017)<\/strong><\/a><br \/>\nM10 \u2013 3.Maro\u0161 Golian<br \/>\nM12 \u2013 1.Filip Bukov\u00e1c<br \/>\nM19\u00a0\u2013 1.Maro\u0161 Bukov\u00e1c<br \/>\nM40 \u2013 1.Martin Borsk\u00fd<br \/>\nM55\u00a0\u2013 3.Viktor Miklu\u0161<br \/>\nW10 \u2013 2.Lea Kotuliakov\u00e1<br \/>\nW12 \u2013 2.Tereza Kendrov\u00e1, 3.Rebecca Herna<br \/>\nW16 \u2013\u00a03.Michaela Patassiov\u00e1<br \/>\nW18 \u2013 2.Tereza Pru\u017eincov\u00e1, 3.Tereza \u0160tevicov\u00e1<br \/>\nW19 \u2013 2.Jana Stykov\u00e1, 3.Alena Bukov\u00e1cov\u00e1<br \/>\nW40 \u2013 1.Hana \u0160mel\u00edkov\u00e1<br \/>\nRD\u00a0\u2013 1.Katka Spi\u0161iakov\u00e1<\/p>\n<p><strong><a href=\"http:\/\/www.orienteering.sk\/public\/files\/users\/jan.furucz\/vysl_celkove.html\" target=\"_blank\">Jarn\u00fd Elix\u00edr<\/a>\u00a0\u2013\u00a0<a href=\"http:\/\/www.orienteering.sk\/public\/files\/users\/jan.furucz\/vysl_medzicasy.html\" target=\"_blank\">6.kolo Oblastn\u00e9ho rebr\u00ed\u010dka Z\u00e1pad\u00a0(11.III.2018)<\/a><\/strong><br \/>\nM10 \u2013 3.Maro\u0161 Golian<br \/>\nM12 \u2013 1. Filip Bukov\u00e1c, 2.Tristan S\u00fdkora, 3.Tom\u00e1\u0161 Kasza<br \/>\nW12 \u2013 1.Tereza Kendrov\u00e1<br \/>\nW16\u00a0\u2013 2.Katar\u00edna Paluskov\u00e1, 3.Michaela Patassiov\u00e1<br \/>\nW55 \u2013 3.Katar\u00edna Da\u0159\u00ed\u010dkov\u00e1<br \/>\nOPEN\u00a0\u2013 1.Katar\u00edna S\u00fdkorov\u00e1<\/p>\n<p><strong><a href=\"http:\/\/www.orienteering.sk\/public\/competitions\/2017\/1305\/2017-02-19_results_sk.pdf\" target=\"_blank\">MSR \u0161tafiet v LOB<\/a>\u00a0\u2013\u00a0<\/strong><strong><a href=\"http:\/\/www.orienteering.sk\/public\/competitions\/2017\/1305\/2017-02-19_splittimes_sk.htm\" target=\"_blank\">Skalka\u00a0(19.II.2017)<\/a><\/strong><br \/>\nM18 \u2013\u00a02.Martin Knor (ZMT), Viktor Kotuliak (FBA)<br \/>\nM35 \u2013 4.Ivo Kotuliak,\u00a0Petra Kotuliakov\u00e1<\/p>\n<p><strong><a href=\"http:\/\/www.orienteering.sk\/public\/competitions\/2017\/1304\/2017-02-18_results_sk.htm\" target=\"_blank\">MSR v LOB na dlhej trati<\/a>\u00a0\u2013\u00a0<\/strong><strong><a href=\"http:\/\/www.orienteering.sk\/public\/competitions\/2017\/1304\/2017-02-18_splittimes_sk.htm\" target=\"_blank\">Skalka\u00a0(18.II.2017)<\/a><\/strong><br \/>\nM14 \u2013\u00a02.Viktor Kotuliak<br \/>\nM35 \u2013 6.Ivo Kotuliak<br \/>\nW35 \u2013\u00a03.Petra Kotuliakov\u00e1<\/p>\n<p><strong><a href=\"http:\/\/www.orienteering.sk\/public\/competitions\/2017\/1334\/2017-02-12_results_sk.pdf\" target=\"_blank\">Valent\u00ednske srdce<\/a>\u00a0\u2013\u00a0<a href=\"http:\/\/www.orienteering.sk\/public\/competitions\/2017\/1334\/2017-02-12_splittimes_sk.pdf\" target=\"_blank\">4.kolo Oblastn\u00e9ho rebr\u00ed\u010dka Z\u00e1pad\u00a0(12.II.2017)<\/a><\/strong><br \/>\nM12 \u2013 1. Filip Bukov\u00e1c, 2.Tom\u00e1\u0161 Kasza<br \/>\nM19\u00a0\u2013 1.Pavol Bukov\u00e1c<br \/>\nM40 \u2013 1.Martin Borsk\u00fd<br \/>\nW12 \u2013 1.Tereza Kendrov\u00e1, 3.Rebecca Herna<br \/>\nW16\u00a0\u2013 3.Katka Paluskov\u00e1<br \/>\nW18 \u2013 2.Tereza \u0160tevicov\u00e1, 3.Tereza Pru\u017eincov\u00e1,<br \/>\nW40 \u2013 2.Hana \u0160mel\u00edkov\u00e1, 3.Petra Kotuliakov\u00e1<br \/>\nW55 \u2013 2.Katar\u00edna Da\u0159\u00ed\u010dkov\u00e1<br \/>\nRD\u00a0\u2013 2.Teo Martin N\u00e9meth<\/p>\n<p><strong><a href=\"http:\/\/www.orienteering.sk\/public\/competitions\/2017\/1333\/2017-02-11_results_sk.pdf\" target=\"_blank\">Valent\u00ednsky Sporko<\/a>\u00a0\u2013\u00a0<a href=\"http:\/\/www.orienteering.sk\/public\/competitions\/2017\/1333\/2017-02-11_splittimes_sk.pdf\" target=\"_blank\">3.kolo Oblastn\u00e9ho rebr\u00ed\u010dka Z\u00e1pad\u00a0(11.II.2017)<\/a><\/strong><br \/>\nM10 \u2013 3.Maro\u0161 Golian<br \/>\nM12 \u2013 1. Filip Bukov\u00e1c, 3.Tom\u00e1\u0161 Kasza<br \/>\nM19\u00a0\u2013 1.Pavol Bukov\u00e1c, 2.Maro\u0161 Bukov\u00e1c, 3.Peter Mi\u017e\u00far<br \/>\nM55\u00a0\u2013 3.Viktor Miklu\u0161<br \/>\nW10 \u2013 2.Lea Kotuliakov\u00e1<br \/>\nW12 \u2013 1.Tereza Kendrov\u00e1, 2.Rebecca Herna<br \/>\nW16\u00a0\u2013 2.Michaela Patassiov\u00e1<br \/>\nW18 \u2013 2.Tereza Pru\u017eincov\u00e1, 3.Tereza \u0160tevicov\u00e1<br \/>\nW19 \u2013 2.Jana Stykov\u00e1<br \/>\nW40 \u2013 1.Hana \u0160mel\u00edkov\u00e1<br \/>\nW55 \u2013 2.Katar\u00edna Da\u0159\u00ed\u010dkov\u00e1<br \/>\nRD\u00a0\u2013 1.Katka Spi\u0161iakov\u00e1, 2.Teo Martin N\u00e9meth<\/p>\n<p><strong><a href=\"http:\/\/www.orienteering.sk\/public\/competitions\/2017\/1307\/2017-02-05_results_sk.pdf\" target=\"_blank\">SRJ\u00a0v LOB na dlhej trati<\/a>\u00a0\u2013 Pezinsk\u00e1 Baba\u00a0(5.II.2017)<\/strong><br \/>\nM55 \u2013 2.Vladim\u00edr Grauzel<\/p>\n<p><strong><a href=\"http:\/\/www.orienteering.sk\/public\/competitions\/2017\/1351\/2017-02-04_results_sk.pdf\" target=\"_blank\">MSR v LOB na strednej trati<\/a>\u00a0\u2013 Pezinsk\u00e1 Baba\u00a0(4.II.2017)<\/strong><br \/>\nM50 \u2013 6.Vladim\u00edr Grauzel<\/p>\n<p><strong><a href=\"http:\/\/www.orienteering.sk\/public\/files\/Vysledky_pretekov\/2017\/YETI%20ZIMA%20CUP%202017\/vysledky.htm\" target=\"_blank\">Yeti zima cup<\/a>\u00a0\u2013 2.kolo Oblastn\u00e9ho rebr\u00ed\u010dka Z\u00e1pad\u00a0(29.I.2017)<\/strong><br \/>\nM12 \u2013 1. Filip Bukov\u00e1c, 2.Tom\u00e1\u0161 Kasza<br \/>\nM19\u00a0\u2013 1.Pavol Bukov\u00e1c, 2.Maro\u0161 Bukov\u00e1c<br \/>\nM55\u00a0\u2013 3.J\u00e1n Mi\u017e\u00far<br \/>\nW10 \u2013 3.Lea Kotuliakov\u00e1<br \/>\nW12 \u2013 2.Rebecca Herna<br \/>\nW16\u00a0\u2013 2.Katka Paluskov\u00e1<br \/>\nW18 \u2013 1.Tereza Pru\u017eincov\u00e1<br \/>\nW40 \u2013 2.Hana \u0160mel\u00edkov\u00e1<br \/>\nW55 \u2013 3. Katar\u00edna Da\u0159\u00ed\u010dkov\u00e1<\/p>\n<p><strong><a href=\"http:\/\/www.orienteering.sk\/public\/competitions\/2017\/1308\/2017-01-06_results_sk.pdf\" target=\"_blank\">Trojkr\u00e1\u013eov\u00e9 preteky<\/a><a href=\"http:\/\/zapad.orienteering.sk\/doc\/2015\/OR2015_13.pdf\" target=\"_blank\">\u00a0<\/a>\u2013\u00a0<a href=\"http:\/\/www.orienteering.sk\/public\/competitions\/2017\/1308\/2017-01-06_splittimes_sk.pdf\" target=\"_blank\">1.kolo Oblastn\u00e9ho rebr\u00ed\u010dka Z\u00e1pad\u00a0(6.I.2017)<\/a><\/strong><br \/>\nM10 \u2013 2.Maro\u0161 Golian<br \/>\nM12 \u2013 1.Tom\u00e1\u0161 Kasza<br \/>\nM19\u00a0\u2013 1.Pavol Bukov\u00e1c, 3.Peter Mi\u017e\u00far<br \/>\nOPEN\u00a0\u2013 1.Magdal\u00e9na Hrabo\u0161ov\u00e1<br \/>\nW12 \u2013 2.Rebecca Herna<br \/>\nW16 \u2013 2.Katka Paluskov\u00e1<br \/>\nW40 \u2013 1.Hana \u0160mel\u00edkov\u00e1<\/p>\n","protected":false},"excerpt":{"rendered":"<p>Celkov\u00e9 v\u00fdsledky\u00a0Slovensk\u00e9ho rebr\u00ed\u010dka jednotlivcov \u2013 2017 M21 \u2013\u00a02.Pavol Bukov\u00e1c, 3.Peter Mi\u017e\u00far,\u00a05.Peter Glon\u010d\u00e1k, 7.Maro\u0161 Bukov\u00e1c,\u00a035.Peter Wartiak, 40.Martin Borsk\u00fd, 46.Du\u0161an Furucz, 54.Du\u0161an Hrn\u010diar, 55.\u0160imon Mi\u017e\u00far, 64.Michal Spi\u0161iak W21\u00a0\u2013\u00a013.Marta Wartiakov\u00e1, 36.Jela Furuczov\u00e1 M12 \u2013\u00a01.Filip Bukov\u00e1c,\u00a04.Tom\u00e1\u0161 Kasza,\u00a09.Karol Paluska M14 \u2013<a class=\"moretag\" href=\"http:\/\/fba.orienteering.sk\/?page_id=3083\">Read More&#8230;<\/a><\/p>\n","protected":false},"author":2,"featured_media":0,"parent":322,"menu_order":0,"comment_status":"open","ping_status":"open","template":"","meta":[],"_links":{"self":[{"href":"http:\/\/fba.orienteering.sk\/index.php?rest_route=\/wp\/v2\/pages\/3083"}],"collection":[{"href":"http:\/\/fba.orienteering.sk\/index.php?rest_route=\/wp\/v2\/pages"}],"about":[{"href":"http:\/\/fba.orienteering.sk\/index.php?rest_route=\/wp\/v2\/types\/page"}],"author":[{"embeddable":true,"href":"http:\/\/fba.orienteering.sk\/index.php?rest_route=\/wp\/v2\/users\/2"}],"replies":[{"embeddable":true,"href":"http:\/\/fba.orienteering.sk\/index.php?rest_route=%2Fwp%2Fv2%2Fcomments&post=3083"}],"version-history":[{"count":3,"href":"http:\/\/fba.orienteering.sk\/index.php?rest_route=\/wp\/v2\/pages\/3083\/revisions"}],"predecessor-version":[{"id":3160,"href":"http:\/\/fba.orienteering.sk\/index.php?rest_route=\/wp\/v2\/pages\/3083\/revisions\/3160"}],"up":[{"embeddable":true,"href":"http:\/\/fba.orienteering.sk\/index.php?rest_route=\/wp\/v2\/pages\/322"}],"wp:attachment":[{"href":"http:\/\/fba.orienteering.sk\/index.php?rest_route=%2Fwp%2Fv2%2Fmedia&parent=3083"}],"curies":[{"name":"wp","href":"https:\/\/api.w.org\/{rel}","templated":true}]}}