{"id":2994,"date":"2017-12-15T13:21:28","date_gmt":"2017-12-15T11:21:28","guid":{"rendered":"http:\/\/fba.orienteering.sk\/?page_id=2994"},"modified":"2018-07-23T11:17:36","modified_gmt":"2018-07-23T09:17:36","slug":"planovany-program","status":"publish","type":"page","link":"http:\/\/fba.orienteering.sk\/?page_id=2994","title":{"rendered":"Pl\u00e1novan\u00fd program a v\u00fdsledky"},"content":{"rendered":"<p><a href=\"http:\/\/fba.orienteering.sk\/wp-content\/uploads\/2018\/07\/Program-2018.pdf\">Program 2018<\/a><\/p>\n<p><a href=\"http:\/\/fba.orienteering.sk\/wp-content\/uploads\/2018\/07\/Den01_odbocovak.pdf\">Den01_odbocovak<\/a><br \/>\n<a href=\"http:\/\/fba.orienteering.sk\/wp-content\/uploads\/2018\/07\/Den01_odbocovak_m.pdf\">Den01_odbocovak_m<\/a><br \/>\n<a href=\"http:\/\/fba.orienteering.sk\/wp-content\/uploads\/2018\/07\/Den03_dlhe_postupy.pdf\">Den03_dlhe_postupy<\/a><br \/>\n<a href=\"http:\/\/fba.orienteering.sk\/wp-content\/uploads\/2018\/07\/Den03_dlhe_postupy_m.pdf\">Den03_dlhe_postupy_m<\/a><br \/>\n<a href=\"http:\/\/fba.orienteering.sk\/wp-content\/uploads\/2018\/07\/Den03_retiazka.pdf\">Den03_retiazka<\/a><br \/>\n<a href=\"http:\/\/fba.orienteering.sk\/wp-content\/uploads\/2018\/07\/Den03_retiazka_m.pdf\">Den03_retiazka_m<\/a><br \/>\n<a href=\"http:\/\/fba.orienteering.sk\/wp-content\/uploads\/2018\/07\/Den05_rogaining.pdf\">Den05_rogaining<\/a><br \/>\n<a href=\"http:\/\/fba.orienteering.sk\/wp-content\/uploads\/2018\/07\/Den06_Nocak.pdf\">Den06_Nocak<\/a><br \/>\n<a href=\"http:\/\/fba.orienteering.sk\/wp-content\/uploads\/2018\/07\/Den06_Nocak_m.pdf\">Den06_Nocak_m<\/a><br \/>\n<a href=\"http:\/\/fba.orienteering.sk\/wp-content\/uploads\/2018\/07\/Den06_Suboje.pdf\">Den06_Suboje<\/a><br \/>\n<a href=\"http:\/\/fba.orienteering.sk\/wp-content\/uploads\/2018\/07\/Den06_Suboje_m.pdf\">Den06_Suboje_m<\/a><br \/>\n<a href=\"http:\/\/fba.orienteering.sk\/wp-content\/uploads\/2018\/07\/Den07_Kombo.pdf\">Den07_Kombo<\/a><br \/>\n<a href=\"http:\/\/fba.orienteering.sk\/wp-content\/uploads\/2018\/07\/Den07_Kombo_m.pdf\">Den07_Kombo_m<\/a><br \/>\n<a href=\"http:\/\/fba.orienteering.sk\/wp-content\/uploads\/2018\/07\/Den07_Middle_m.pdf\">Den07_Middle_m<\/a><br \/>\n<a href=\"http:\/\/fba.orienteering.sk\/wp-content\/uploads\/2018\/07\/Den07_Midle.pdf\">Den07_Midle<\/a><br \/>\n<a href=\"http:\/\/fba.orienteering.sk\/wp-content\/uploads\/2018\/07\/Den08_Stafety.pdf\">Den08_Stafety<\/a><br \/>\n<a href=\"http:\/\/fba.orienteering.sk\/wp-content\/uploads\/2018\/07\/Den08_Stafety_leg1.pdf\">Den08_Stafety_leg1<\/a><br \/>\n<a href=\"http:\/\/fba.orienteering.sk\/wp-content\/uploads\/2018\/07\/Den08_Stafety_leg2.pdf\">Den08_Stafety_leg2<\/a><br \/>\n<a href=\"http:\/\/fba.orienteering.sk\/wp-content\/uploads\/2018\/07\/spartan_race.pdf\">spartan_race<\/a><\/p>\n","protected":false},"excerpt":{"rendered":"<p>Program 2018 Den01_odbocovak Den01_odbocovak_m Den03_dlhe_postupy Den03_dlhe_postupy_m Den03_retiazka Den03_retiazka_m Den05_rogaining Den06_Nocak Den06_Nocak_m Den06_Suboje Den06_Suboje_m Den07_Kombo Den07_Kombo_m Den07_Middle_m Den07_Midle Den08_Stafety Den08_Stafety_leg1 Den08_Stafety_leg2 spartan_race<\/p>\n","protected":false},"author":3,"featured_media":0,"parent":2984,"menu_order":0,"comment_status":"open","ping_status":"open","template":"","meta":[],"_links":{"self":[{"href":"http:\/\/fba.orienteering.sk\/index.php?rest_route=\/wp\/v2\/pages\/2994"}],"collection":[{"href":"http:\/\/fba.orienteering.sk\/index.php?rest_route=\/wp\/v2\/pages"}],"about":[{"href":"http:\/\/fba.orienteering.sk\/index.php?rest_route=\/wp\/v2\/types\/page"}],"author":[{"embeddable":true,"href":"http:\/\/fba.orienteering.sk\/index.php?rest_route=\/wp\/v2\/users\/3"}],"replies":[{"embeddable":true,"href":"http:\/\/fba.orienteering.sk\/index.php?rest_route=%2Fwp%2Fv2%2Fcomments&post=2994"}],"version-history":[{"count":4,"href":"http:\/\/fba.orienteering.sk\/index.php?rest_route=\/wp\/v2\/pages\/2994\/revisions"}],"predecessor-version":[{"id":3468,"href":"http:\/\/fba.orienteering.sk\/index.php?rest_route=\/wp\/v2\/pages\/2994\/revisions\/3468"}],"up":[{"embeddable":true,"href":"http:\/\/fba.orienteering.sk\/index.php?rest_route=\/wp\/v2\/pages\/2984"}],"wp:attachment":[{"href":"http:\/\/fba.orienteering.sk\/index.php?rest_route=%2Fwp%2Fv2%2Fmedia&parent=2994"}],"curies":[{"name":"wp","href":"https:\/\/api.w.org\/{rel}","templated":true}]}}