{"id":2988,"date":"2017-12-15T13:20:27","date_gmt":"2017-12-15T11:20:27","guid":{"rendered":"http:\/\/fba.orienteering.sk\/?page_id=2988"},"modified":"2018-06-14T09:42:41","modified_gmt":"2018-06-14T07:42:41","slug":"pokyny-o-camp-2018","status":"publish","type":"page","link":"http:\/\/fba.orienteering.sk\/?page_id=2988","title":{"rendered":"Pokyny O-camp 2018"},"content":{"rendered":"<p>Od v\u0161etk\u00fdch det\u00ed (aj od t\u00fdch, ktor\u00e9 s\u00fa s rodi\u010dmi) pros\u00edme pri n\u00e1stupe odovzda\u0165\u00a0podp\u00edsan\u00e9 dokumenty:<br \/>\n<a href=\"http:\/\/fba.orienteering.sk\/wp-content\/uploads\/2018\/06\/POTVRDENIE-LEKAR.pdf\">POTVRDENIE LEKAR<\/a><br \/>\n<a href=\"http:\/\/fba.orienteering.sk\/wp-content\/uploads\/2018\/06\/VYHLASENIE.pdf\">VYHLASENIE<\/a><\/p>\n<p>Deti, ktor\u00e9 cestuj\u00fa bez rodi\u010dov by mali vodi\u010dovi odovzda\u0165:<br \/>\n<a href=\"http:\/\/fba.orienteering.sk\/wp-content\/uploads\/2018\/06\/SPLNOMOCNENIE-NA-CESTU.pdf\">SPLNOMOCNENIE NA CESTU<\/a><\/p>\n<p>Od det\u00ed, ktor\u00e9 s\u00fa na t\u00e1bore sam\u00e9 pros\u00edme pri n\u00e1stupe odovzda\u0165 tieto podp\u00edsan\u00e9 dokumenty:<br \/>\n<a href=\"http:\/\/fba.orienteering.sk\/wp-content\/uploads\/2018\/06\/CESTNE-PREHLASENIE.pdf\">CESTNE PREHLASENIE<\/a><br \/>\n<a href=\"http:\/\/fba.orienteering.sk\/wp-content\/uploads\/2018\/06\/SPLNOMOCNENIE-NA-POBYT.pdf\">SPLNOMOCNENIE NA POBYT<\/a><\/p>\n<p>Bez odovzdania vyplnen\u00fdch formul\u00e1rov <strong>nem\u00f4\u017eeme die\u0165a prija\u0165 do t\u00e1bora ani v pr\u00edpade, \u017ee s n\u00edm bud\u00fa rodi\u010dia.<\/strong> Berte toto pros\u00edm na vedomie a vyhnete sa nepr\u00edjemn\u00fdm situ\u00e1ci\u00e1m.<\/p>\n<p>ZOZNAM DOPORU\u010cEN\u00ddCH VEC\u00cd:<\/p>\n<ul>\n<li style=\"list-style-type: none;\">\n<ul>\n<li><span style=\"color: #ff0000;\"><strong><em>deti do 15 rokov platn\u00fd cestovn\u00fd pas\/dospel\u00ed pas alebo ob\u010diansky preukaz<\/em><\/strong><\/span><\/li>\n<li><span style=\"color: #ff0000;\"><strong><em>eur\u00f3pska karta poistenca<\/em><\/strong><\/span><\/li>\n<li><em><span style=\"color: #0000ff;\"><strong>Na tr\u00e9ningy:<\/strong><\/span><\/em> Preteky v orienta\u010dnom behu prebiehaj\u00fa za takmer ka\u017ed\u00e9ho po\u010dasia, my budeme v\u00e4\u010d\u0161inu \u010dasu tr\u00e1vi\u0165 mimo chaty, prisp\u00f4sobte tomu pros\u00edm aj v\u00fdber vec\u00ed. Mrholenie alebo slab\u00fd d\u00e1\u017e\u010f n\u00e1s neodradia od tr\u00e9ningu. Ned\u00e1vajte de\u0165om drah\u00e9 oble\u010denie, ur\u010dite bude po t\u00e1bore \u0161pinav\u00e9 \u2026<\/li>\n<li><span style=\"color: #ff0000;\">buzola, SI \u2013 card (\u010dip),<\/span> lepiaca p\u00e1ska, no\u017enice, zatv\u00e1racie \u0161pendl\u00edky (10ks), mapn\u00edk (=euroobal 5kusov)<\/li>\n<li><span style=\"color: #ff0000;\">2 p\u00e1ry obuv na behanie<\/span> (kopa\u010dky + tenisky vhodn\u00e9 na OB= nie hladk\u00e1 podr\u00e1\u017eka!!!) + kto m\u00e1 \u2013 prer\u00e1\u017ea\u010dky<\/li>\n<li>spodn\u00e9 pr\u00e1dlo (na ka\u017ed\u00fd de\u0148)<\/li>\n<li>pono\u017eky vhodn\u00e9 na behanie (na ka\u017ed\u00fd de\u0148)<\/li>\n<li>dlh\u00e9 leg\u00edny \u2013 elas\u0165\u00e1ky (deder\u00f3nov\u00e9 nohavice)<\/li>\n<li>dres \u2013 tri\u010dko (+ termo tri\u010dko s\u00a0dlh\u00fdm ruk\u00e1vom pre pr\u00edpad zl\u00e9ho po\u010dasia)<\/li>\n<li>vesta alebo \u013eahk\u00e1 bunda v pr\u00edpade da\u017e\u010fa<\/li>\n<li>pokr\u00fdvka hlavy na behanie (\u010delenka, \u013eahk\u00e1 \u010diapka, diev\u010dat\u00e1 \u0161atka)<\/li>\n<li>2x pollitrov\u00e1 <strong>lacn\u00e1<\/strong> plastov\u00e1 f\u013ea\u0161ka, kt. m\u00f4\u017ee\u0161 necha\u0165 na \u0161tarte a mal\u00fd bat\u00f4\u017etek<\/li>\n<li><strong>\u010delovka alebo in\u00e1 lampa<\/strong> vhodn\u00e1 na no\u010dn\u00fa hru + kto si tr\u00fafne bude aj no\u010dn\u00fd tr\u00e9ning<\/li>\n<li>repelent proti klie\u0161\u0165om a kom\u00e1rom<\/li>\n<li><strong>n\u00e1ramkov\u00e9 hodinky<\/strong> (sta\u010dia jednoduch\u00e9 so z\u00e1kl. funkciami- doporu\u010dujem obch. dom Decathlon, maj\u00fa lacn\u00e9 hodinky vhodn\u00e9 pre deti- dbajte, aby boli vodotesn\u00e9 )<\/li>\n<li>kni\u017eka \u201cAby sme si rozumeli\u2026\u201d ako pom\u00f4cka pri rie\u0161en\u00ed toretick\u00fdch \u00faloh \u2013 sta\u010d\u00ed 1 pre skupinku dohodnut\u00fdch det\u00ed medzi sebou<\/li>\n<\/ul>\n<\/li>\n<li><em><span style=\"color: #0000ff;\"><strong>Oble\u010denie mimo tr\u00e9ning:<\/strong><\/span><\/em><\/li>\n<li>tri\u010dk\u00e1 (ned\u00e1vajte ve\u013ea ks, deti s\u00fa aj tak po\u010das cel\u00e9ho pobytu oby\u010dajne v jednom-dvoch)<\/li>\n<li>mikina 2x,<\/li>\n<li>letn\u00e1 bunda \u2013 nepremokav\u00e1 alebo pr\u0161ipl\u00e1\u0161\u01651x<\/li>\n<li>tepl\u00e1ky 2x,<\/li>\n<li>kr\u00e1tke nohavice 1x,<\/li>\n<li>plavky (plaveck\u00e9 okuliare) + uter\u00e1k k\u00a0rybn\u00edku (po t\u00e1bore bude ve\u013emi \u0161pinav\u00fd) + opa\u013eovac\u00ed kr\u00e9m + kto potrebuje ruk\u00e1vniky<\/li>\n<li>\u0161iltovka \/ tenk\u00e1 \u010diapka<\/li>\n<li>sand\u00e1le + tenisky na in\u00e9 aktivity ako OB<\/li>\n<li>py\u017eamo, papu\u010de, hygienick\u00e9 potreby, uter\u00e1k<\/li>\n<li>kto m\u00e1, su\u0161i\u010d na top\u00e1nky<\/li>\n<li>kateg\u00f3ria RD doporu\u010dujem gum\u00e1\u010dky \u2013 v\u00a0tesnej bl\u00edzkosti kempu ich vyu\u017eij\u00fa\n<ul>\n<li><em><span style=\"color: #0000ff;\"><strong>In\u00e9:<\/strong><\/span><\/em><\/li>\n<\/ul>\n<ul>\n<li><strong><span style=\"color: #ff0000;\">karimatka<\/span> <\/strong>\u2013 ka\u017ed\u00fd de\u0148 budeme ma\u0165 vonku rozcvi\u010dku<\/li>\n<li>mal\u00fd bat\u00f4\u017etek na plavky a uter\u00e1k alebo na v\u00fdlet<\/li>\n<li>p\u00edsacie potreby: modr\u00e9 pero, <strong>\u010derven\u00e1 tenk\u00e1 fixa + farebn\u00e9 ceruzky (z\u00e1kladn\u00e9 mapov\u00e9 farby<\/strong>), zo\u0161it na kreslenie<\/li>\n<li>mal\u00e1 spolo\u010densk\u00e1 hra (karty, pexeso a pod.)<\/li>\n<li>kto hr\u00e1, nech donesie hudobn\u00fd n\u00e1stroj (klav\u00edr rad\u0161ej nechajte doma)<\/li>\n<li>kni\u017eka na \u010d\u00edtanie<\/li>\n<li>dospel\u00ed \u2013 no\u017e\u00edk na rezanie pali\u010diek a \u0161pek\u00e1\u010dkov k t\u00e1bor\u00e1ku.<\/li>\n<\/ul>\n<\/li>\n<\/ul>\n<p><strong><em><span style=\"color: #ff0000;\">Pros\u00edm, ned\u00e1vajte de\u0165om \u017eiadne elektronick\u00e9 hry, mobily, laptopy a pod, z\u00e1bavy tohto typu nebudeme podporova\u0165, chceme tr\u00e1vi\u0165 \u010das v pr\u00edrode a hlavne v kolekt\u00edve. \/ Nezodpoved\u00e1me za straten\u00e9 a po\u0161koden\u00e9 veci.<\/span><\/em><\/strong><\/p>\n","protected":false},"excerpt":{"rendered":"<p>Od v\u0161etk\u00fdch det\u00ed (aj od t\u00fdch, ktor\u00e9 s\u00fa s rodi\u010dmi) pros\u00edme pri n\u00e1stupe odovzda\u0165\u00a0podp\u00edsan\u00e9 dokumenty: POTVRDENIE LEKAR VYHLASENIE Deti, ktor\u00e9 cestuj\u00fa bez rodi\u010dov by mali vodi\u010dovi odovzda\u0165: SPLNOMOCNENIE NA CESTU Od det\u00ed, ktor\u00e9 s\u00fa na t\u00e1bore<a class=\"moretag\" href=\"http:\/\/fba.orienteering.sk\/?page_id=2988\">Read More&#8230;<\/a><\/p>\n","protected":false},"author":3,"featured_media":0,"parent":2984,"menu_order":0,"comment_status":"open","ping_status":"open","template":"","meta":[],"_links":{"self":[{"href":"http:\/\/fba.orienteering.sk\/index.php?rest_route=\/wp\/v2\/pages\/2988"}],"collection":[{"href":"http:\/\/fba.orienteering.sk\/index.php?rest_route=\/wp\/v2\/pages"}],"about":[{"href":"http:\/\/fba.orienteering.sk\/index.php?rest_route=\/wp\/v2\/types\/page"}],"author":[{"embeddable":true,"href":"http:\/\/fba.orienteering.sk\/index.php?rest_route=\/wp\/v2\/users\/3"}],"replies":[{"embeddable":true,"href":"http:\/\/fba.orienteering.sk\/index.php?rest_route=%2Fwp%2Fv2%2Fcomments&post=2988"}],"version-history":[{"count":7,"href":"http:\/\/fba.orienteering.sk\/index.php?rest_route=\/wp\/v2\/pages\/2988\/revisions"}],"predecessor-version":[{"id":3408,"href":"http:\/\/fba.orienteering.sk\/index.php?rest_route=\/wp\/v2\/pages\/2988\/revisions\/3408"}],"up":[{"embeddable":true,"href":"http:\/\/fba.orienteering.sk\/index.php?rest_route=\/wp\/v2\/pages\/2984"}],"wp:attachment":[{"href":"http:\/\/fba.orienteering.sk\/index.php?rest_route=%2Fwp%2Fv2%2Fmedia&parent=2988"}],"curies":[{"name":"wp","href":"https:\/\/api.w.org\/{rel}","templated":true}]}}