{"id":2984,"date":"2017-12-15T13:19:04","date_gmt":"2017-12-15T11:19:04","guid":{"rendered":"http:\/\/fba.orienteering.sk\/?page_id=2984"},"modified":"2018-07-25T13:36:47","modified_gmt":"2018-07-25T11:36:47","slug":"o-camp-2018","status":"publish","type":"page","link":"http:\/\/fba.orienteering.sk\/?page_id=2984","title":{"rendered":"O-camp 2018"},"content":{"rendered":"<p>Aj tento rok chyst\u00e1me pre O-be\u017ecov t\u00fd\u017edenn\u00fa z\u00e1bavu, viac inform\u00e1cii tu:<\/p>\n<p>\u010co je O-camp 2018+prihl\u00e1\u0161ka<br \/>\n<a href=\"http:\/\/fba.orienteering.sk\/?page_id=2986\">http:\/\/fba.orienteering.sk\/?page_id=2986<\/a><\/p>\n<p>Person\u00e1lne obsadenie<br \/>\n<a href=\"http:\/\/fba.orienteering.sk\/?page_id=2992\">http:\/\/fba.orienteering.sk\/?page_id=2992<\/a><\/p>\n<p>Pokyny:<br \/>\n<a href=\"http:\/\/fba.orienteering.sk\/?page_id=2988\">http:\/\/fba.orienteering.sk\/?page_id=2988<\/a><\/p>\n<p>Fotogal\u00e9ria:<br \/>\n<a href=\"http:\/\/fba.orienteering.sk\/?page_id=2990\">http:\/\/fba.orienteering.sk\/?page_id=2990<\/a><\/p>\n<p>Program a v\u00fdsledky tr\u00e9ningov:<br \/>\n<a href=\"http:\/\/fba.orienteering.sk\/?page_id=2994\">http:\/\/fba.orienteering.sk\/?page_id=2994<\/a><\/p>\n","protected":false},"excerpt":{"rendered":"<p>Aj tento rok chyst\u00e1me pre O-be\u017ecov t\u00fd\u017edenn\u00fa z\u00e1bavu, viac inform\u00e1cii tu: \u010co je O-camp 2018+prihl\u00e1\u0161ka http:\/\/fba.orienteering.sk\/?page_id=2986 Person\u00e1lne obsadenie http:\/\/fba.orienteering.sk\/?page_id=2992 Pokyny: http:\/\/fba.orienteering.sk\/?page_id=2988 Fotogal\u00e9ria: http:\/\/fba.orienteering.sk\/?page_id=2990 Program a v\u00fdsledky tr\u00e9ningov: http:\/\/fba.orienteering.sk\/?page_id=2994<\/p>\n","protected":false},"author":3,"featured_media":0,"parent":0,"menu_order":0,"comment_status":"open","ping_status":"open","template":"","meta":[],"_links":{"self":[{"href":"http:\/\/fba.orienteering.sk\/index.php?rest_route=\/wp\/v2\/pages\/2984"}],"collection":[{"href":"http:\/\/fba.orienteering.sk\/index.php?rest_route=\/wp\/v2\/pages"}],"about":[{"href":"http:\/\/fba.orienteering.sk\/index.php?rest_route=\/wp\/v2\/types\/page"}],"author":[{"embeddable":true,"href":"http:\/\/fba.orienteering.sk\/index.php?rest_route=\/wp\/v2\/users\/3"}],"replies":[{"embeddable":true,"href":"http:\/\/fba.orienteering.sk\/index.php?rest_route=%2Fwp%2Fv2%2Fcomments&post=2984"}],"version-history":[{"count":11,"href":"http:\/\/fba.orienteering.sk\/index.php?rest_route=\/wp\/v2\/pages\/2984\/revisions"}],"predecessor-version":[{"id":3475,"href":"http:\/\/fba.orienteering.sk\/index.php?rest_route=\/wp\/v2\/pages\/2984\/revisions\/3475"}],"wp:attachment":[{"href":"http:\/\/fba.orienteering.sk\/index.php?rest_route=%2Fwp%2Fv2%2Fmedia&parent=2984"}],"curies":[{"name":"wp","href":"https:\/\/api.w.org\/{rel}","templated":true}]}}