{"id":2592,"date":"2017-03-25T00:20:13","date_gmt":"2017-03-24T22:20:13","guid":{"rendered":"http:\/\/fba.orienteering.sk\/?page_id=2592"},"modified":"2017-03-30T20:19:18","modified_gmt":"2017-03-30T18:19:18","slug":"pred-sprintom","status":"publish","type":"page","link":"http:\/\/fba.orienteering.sk\/?page_id=2592","title":{"rendered":"Pred \u0161printom"},"content":{"rendered":"<p>Pripravili sme pre v\u00e1s prezent\u00e1ciu na t\u00e9mu &#8222;\u010co a ako pred \u0161printom&#8220;:<br \/>\nPozrie\u0165\/stiahnu\u0165 si ju m\u00f4\u017eete <a href=\"http:\/\/fba.orienteering.sk\/wp-content\/uploads\/2017\/03\/PredSprintom.pdf\">tuto &#8211; Pred \u0161printom<\/a><\/p>\n","protected":false},"excerpt":{"rendered":"<p>Pripravili sme pre v\u00e1s prezent\u00e1ciu na t\u00e9mu &#8222;\u010co a ako pred \u0161printom&#8220;: Pozrie\u0165\/stiahnu\u0165 si ju m\u00f4\u017eete tuto &#8211; Pred \u0161printom<\/p>\n","protected":false},"author":3,"featured_media":0,"parent":8,"menu_order":0,"comment_status":"open","ping_status":"open","template":"","meta":[],"_links":{"self":[{"href":"http:\/\/fba.orienteering.sk\/index.php?rest_route=\/wp\/v2\/pages\/2592"}],"collection":[{"href":"http:\/\/fba.orienteering.sk\/index.php?rest_route=\/wp\/v2\/pages"}],"about":[{"href":"http:\/\/fba.orienteering.sk\/index.php?rest_route=\/wp\/v2\/types\/page"}],"author":[{"embeddable":true,"href":"http:\/\/fba.orienteering.sk\/index.php?rest_route=\/wp\/v2\/users\/3"}],"replies":[{"embeddable":true,"href":"http:\/\/fba.orienteering.sk\/index.php?rest_route=%2Fwp%2Fv2%2Fcomments&post=2592"}],"version-history":[{"count":5,"href":"http:\/\/fba.orienteering.sk\/index.php?rest_route=\/wp\/v2\/pages\/2592\/revisions"}],"predecessor-version":[{"id":2633,"href":"http:\/\/fba.orienteering.sk\/index.php?rest_route=\/wp\/v2\/pages\/2592\/revisions\/2633"}],"up":[{"embeddable":true,"href":"http:\/\/fba.orienteering.sk\/index.php?rest_route=\/wp\/v2\/pages\/8"}],"wp:attachment":[{"href":"http:\/\/fba.orienteering.sk\/index.php?rest_route=%2Fwp%2Fv2%2Fmedia&parent=2592"}],"curies":[{"name":"wp","href":"https:\/\/api.w.org\/{rel}","templated":true}]}}