{"id":2250,"date":"2016-12-17T23:50:54","date_gmt":"2016-12-17T21:50:54","guid":{"rendered":"http:\/\/fba.orienteering.sk\/?page_id=2250"},"modified":"2017-07-28T09:44:27","modified_gmt":"2017-07-28T07:44:27","slug":"personalne-obsadenie","status":"publish","type":"page","link":"http:\/\/fba.orienteering.sk\/?page_id=2250","title":{"rendered":"Person\u00e1lne obsadenie"},"content":{"rendered":"<p>Hlavn\u00ed organiz\u00e1tori:<br \/>\nman\u017eelia Maro\u0161 a Alena Bukov\u00e1covci<\/p>\n<p><a href=\"http:\/\/fba.orienteering.sk\/wp-content\/uploads\/2017\/01\/IMG_3941.jpg\"><img loading=\"lazy\" class=\"alignnone size-medium wp-image-2379\" src=\"http:\/\/fba.orienteering.sk\/wp-content\/uploads\/2017\/01\/IMG_3941-300x200.jpg\" alt=\"IMG_3941\" width=\"300\" height=\"200\" srcset=\"http:\/\/fba.orienteering.sk\/wp-content\/uploads\/2017\/01\/IMG_3941-300x200.jpg 300w, http:\/\/fba.orienteering.sk\/wp-content\/uploads\/2017\/01\/IMG_3941.jpg 409w\" sizes=\"(max-width: 300px) 100vw, 300px\" \/><\/a><\/p>\n<p>a man\u017eelia Richard a Hanka Baloghovci<\/p>\n<p><a href=\"http:\/\/fba.orienteering.sk\/wp-content\/uploads\/2016\/12\/Hanka-a-Ri\u0161o.jpg\"><img loading=\"lazy\" class=\"alignnone size-medium wp-image-2369\" src=\"http:\/\/fba.orienteering.sk\/wp-content\/uploads\/2016\/12\/Hanka-a-Ri\u0161o-300x200.jpg\" alt=\"Hanka a Ri\u0161o\" width=\"300\" height=\"200\" srcset=\"http:\/\/fba.orienteering.sk\/wp-content\/uploads\/2016\/12\/Hanka-a-Ri\u0161o-300x200.jpg 300w, http:\/\/fba.orienteering.sk\/wp-content\/uploads\/2016\/12\/Hanka-a-Ri\u0161o.jpg 409w\" sizes=\"(max-width: 300px) 100vw, 300px\" \/><\/a><\/p>\n<p><a href=\"http:\/\/fba.orienteering.sk\/wp-content\/uploads\/2016\/12\/3_Info-panel.pdf\">3_Info panel<\/a><\/p>\n","protected":false},"excerpt":{"rendered":"<p>Hlavn\u00ed organiz\u00e1tori: man\u017eelia Maro\u0161 a Alena Bukov\u00e1covci a man\u017eelia Richard a Hanka Baloghovci 3_Info panel<\/p>\n","protected":false},"author":3,"featured_media":0,"parent":2242,"menu_order":0,"comment_status":"open","ping_status":"open","template":"","meta":[],"_links":{"self":[{"href":"http:\/\/fba.orienteering.sk\/index.php?rest_route=\/wp\/v2\/pages\/2250"}],"collection":[{"href":"http:\/\/fba.orienteering.sk\/index.php?rest_route=\/wp\/v2\/pages"}],"about":[{"href":"http:\/\/fba.orienteering.sk\/index.php?rest_route=\/wp\/v2\/types\/page"}],"author":[{"embeddable":true,"href":"http:\/\/fba.orienteering.sk\/index.php?rest_route=\/wp\/v2\/users\/3"}],"replies":[{"embeddable":true,"href":"http:\/\/fba.orienteering.sk\/index.php?rest_route=%2Fwp%2Fv2%2Fcomments&post=2250"}],"version-history":[{"count":8,"href":"http:\/\/fba.orienteering.sk\/index.php?rest_route=\/wp\/v2\/pages\/2250\/revisions"}],"predecessor-version":[{"id":2813,"href":"http:\/\/fba.orienteering.sk\/index.php?rest_route=\/wp\/v2\/pages\/2250\/revisions\/2813"}],"up":[{"embeddable":true,"href":"http:\/\/fba.orienteering.sk\/index.php?rest_route=\/wp\/v2\/pages\/2242"}],"wp:attachment":[{"href":"http:\/\/fba.orienteering.sk\/index.php?rest_route=%2Fwp%2Fv2%2Fmedia&parent=2250"}],"curies":[{"name":"wp","href":"https:\/\/api.w.org\/{rel}","templated":true}]}}