{"id":2246,"date":"2016-12-17T23:49:47","date_gmt":"2016-12-17T21:49:47","guid":{"rendered":"http:\/\/fba.orienteering.sk\/?page_id=2246"},"modified":"2017-07-03T08:16:00","modified_gmt":"2017-07-03T06:16:00","slug":"pokyny-o-camp-2017","status":"publish","type":"page","link":"http:\/\/fba.orienteering.sk\/?page_id=2246","title":{"rendered":"Pokyny O-camp 2017"},"content":{"rendered":"<p>Pri vyp\u013a\u0148an\u00ed prihl\u00e1\u0161ky &#8211; ubytovania pros\u00edm zv\u00e1\u017ete, \u017ee deti maj\u00fa pr\u00e1zdniny. Potrebuj\u00fa si od n\u00e1s &#8211; rodi\u010dov odd\u00fdchnu\u0165 a ak u\u017e dosiahli \u0161kolsk\u00fd vek, je fajn ke\u010f s\u00fa spolu na izb\u00e1ch deti bez rodi\u010dov. Budete s nimi spolu cel\u00fd de\u0148, ak maj\u00fa viac ako 7 rokov nemusia zasp\u00e1va\u0165 pritisnut\u00ed na mame.<\/p>\n<p><!-- .entry-header --><strong>Pri n\u00e1stupe na pobyt pros\u00edme odovzda\u0165 nasledovn\u00e9:<\/strong><\/p>\n<div class=\"entry-content\">\n<p align=\"JUSTIFY\">Od v\u0161etk\u00fdch det\u00ed:<\/p>\n<ul>\n<li>\n<p align=\"JUSTIFY\">Potvrdenie o\u00a0zdravotnej sp\u00f4sobilosti potvrden\u00e9 lek\u00e1rom (nie star\u0161ie ako 20 dn\u00ed)<\/p>\n<\/li>\n<\/ul>\n<p align=\"JUSTIFY\">Pre deti, ktor\u00e9 bud\u00fa na t\u00e1bore bez rodi\u010da \u2013 pod veden\u00edm svojho tr\u00e9nera aj nasledovn\u00e9: (odovzda\u0165 pri n\u00e1stupe)<\/p>\n<p align=\"JUSTIFY\"><a href=\"http:\/\/fba.orienteering.sk\/wp-content\/uploads\/2015\/04\/\u010cestn\u00e9-prehl\u00e1senie-pou\u010denie-o-spr\u00e1van\u00ed-v-t\u00e1bore.rtf\"><u>\u010cestn\u00e9 prehl\u00e1senie \u2013 pou\u010denie o spr\u00e1van\u00ed v t\u00e1bore<\/u><\/a> <a href=\"http:\/\/fba.orienteering.sk\/wp-content\/uploads\/2015\/04\/POTVRDENIE-o-zdravotnej-sp\u00f4sobilosti.rtf\"><u>POTVRDENIE o zdravotnej sp\u00f4sobilosti<\/u><\/a> <a href=\"http:\/\/fba.orienteering.sk\/wp-content\/uploads\/2017\/01\/VYHLASENIE2017.rtf\"><u>Vyhl\u00e1senie 2017<\/u><\/a><\/p>\n<p align=\"JUSTIFY\">Bez odovzdania vyplnen\u00fdch formul\u00e1rov <span style=\"color: #0000ff;\"><strong>nem\u00f4\u017eeme die\u0165a prija\u0165 do t\u00e1bora ani v pr\u00edpade, \u017ee s n\u00edm bud\u00fa rodi\u010dia.<\/strong><\/span> Berte toto pros\u00edm na vedomie a vyhnete sa nepr\u00edjemn\u00fdm situ\u00e1ci\u00e1m.<\/p>\n<p align=\"JUSTIFY\">ZOZNAM DOPORU\u010cEN\u00ddCH VEC\u00cd:<\/p>\n<ul>\n<li><em><strong><span style=\"color: #ff0000;\">deti do 15 rokov platn\u00fd cestovn\u00fd pas\/dospel\u00ed pas alebo ob\u010diansky preukaz<\/span><\/strong><\/em><\/li>\n<li><em><strong><span style=\"color: #ff0000;\">eur\u00f3pska karta poistenca<\/span><\/strong><\/em><\/li>\n<\/ul>\n<p><strong>Na tr\u00e9ningy:<\/strong> Preteky v orienta\u010dnom behu prebiehaj\u00fa za takmer ka\u017ed\u00e9ho po\u010dasia, my budeme v\u00e4\u010d\u0161inu \u010dasu tr\u00e1vi\u0165 mimo chaty, prisp\u00f4sobte tomu pros\u00edm aj v\u00fdber vec\u00ed. Mrholenie alebo slab\u00fd d\u00e1\u017e\u010f n\u00e1s neodradia od tr\u00e9ningu. Ned\u00e1vajte de\u0165om drah\u00e9 oble\u010denie, k pr\u00e1zdnin\u00e1m patria f\u013eaky na kolen\u00e1ch od tr\u00e1vy a tri\u010dko zababran\u00e9 od mel\u00f3nu\u2026<\/p>\n<ul>\n<li>buzola, SI \u2013 card (\u010dip), lepiaca p\u00e1ska, no\u017enice, zatv\u00e1racie \u0161pendl\u00edky (10ks), mapn\u00edk, \u010derven\u00e1 tenk\u00e1 fixa<\/li>\n<li>obuv na behanie + kto m\u00e1 \u2013 prer\u00e1\u017ea\u010dky<\/li>\n<li>spodn\u00e9 pr\u00e1dlo (na ka\u017ed\u00fd de\u0148)<\/li>\n<li>pono\u017eky vhodn\u00e9 na behanie (na ka\u017ed\u00fd de\u0148)<\/li>\n<li>dlh\u00e9 leg\u00edny \u2013 elas\u0165\u00e1ky (deder\u00f3nov\u00e9 nohavice)<\/li>\n<li>dres \u2013 tri\u010dko (+ termo tri\u010dko s\u00a0dlh\u00fdm ruk\u00e1vom pre pr\u00edpad zl\u00e9ho po\u010dasia)<\/li>\n<li>vesta alebo \u013eahk\u00e1 bunda v pr\u00edpade da\u017e\u010fa<\/li>\n<li>pokr\u00fdvka hlavy na behanie (\u010delenka, \u013eahk\u00e1 \u010diapka, diev\u010dat\u00e1 \u0161atka)<\/li>\n<li>2x pollitrov\u00e1 <strong>lacn\u00e1<\/strong> plastov\u00e1 f\u013ea\u0161ka, kt. m\u00f4\u017ee\u0161 necha\u0165 na \u0161tarte a mal\u00fd bat\u00f4\u017etek<\/li>\n<li><strong>\u010delovka alebo in\u00e1 lampa<\/strong> vhodn\u00e1 na no\u010dn\u00fa hru + kto si tr\u00fafne bude aj no\u010dn\u00fd tr\u00e9ning<\/li>\n<li>repelent proti klie\u0161\u0165om a kom\u00e1rom<\/li>\n<li><strong>n\u00e1ramkov\u00e9 hodinky<\/strong> (sta\u010dia jednoduch\u00e9 so z\u00e1kl. funkciami- doporu\u010dujem obch. dom Decathlon, maj\u00fa lacn\u00e9 hodinky vhodn\u00e9 pre deti- dbajte, aby boli vodotesn\u00e9 )<\/li>\n<li>kni\u017eka &#8222;Aby sme si rozumeli&#8230;&#8220; ako pom\u00f4cka pri rie\u0161en\u00ed toretick\u00fdch \u00faloh &#8211; sta\u010d\u00ed 1 pre skupinku dohodnut\u00fdch det\u00ed medzi sebou<\/li>\n<\/ul>\n<p><strong>Oble\u010denie mimo tr\u00e9ning:<\/strong><\/p>\n<ul>\n<li>tri\u010dk\u00e1 (ned\u00e1vajte ve\u013ea ks, deti s\u00fa aj tak po\u010das cel\u00e9ho pobytu oby\u010dajne v jednom-dvoch)<\/li>\n<li>mikina 2x ,<\/li>\n<li>letn\u00e1 bunda \u2013 nepremokav\u00e1 alebo pr\u0161ipl\u00e1\u0161\u01651x<\/li>\n<li>tepl\u00e1ky 2x,<\/li>\n<li>kr\u00e1tke nohavice 1x,<\/li>\n<li>plavky (plaveck\u00e9 okuliare) + uter\u00e1k k\u00a0baz\u00e9nu + opa\u013eovac\u00ed kr\u00e9m + <span style=\"color: #ff0000;\">kto potrebuje ruk\u00e1vniky<\/span><\/li>\n<li>\u0161iltovka \/ tenk\u00e1 \u010diapka<\/li>\n<li>sand\u00e1le + tenisky na in\u00e9 aktivity ako OB + nepremokav\u00e9 top\u00e1nky<\/li>\n<li>py\u017eamo, papu\u010de, hygienick\u00e9 potreby, uter\u00e1k<\/li>\n<li>Kateg\u00f3ria RD doporu\u010dujem gum\u00e1\u010dky &#8211; kempom pretek\u00e1 potok&#8230;<\/li>\n<\/ul>\n<p><strong>In\u00e9:<\/strong><\/p>\n<ul>\n<li><strong>karimatka <\/strong>\u2013 ka\u017ed\u00fd de\u0148 budeme cvi\u010di\u0165 vonku cviky na spr\u00e1vne dr\u017eanie tela<\/li>\n<li>mal\u00fd bat\u00f4\u017etek na plavky a uter\u00e1k alebo na v\u00fdlet<\/li>\n<li>p\u00edsacie potreby (<strong>farebn\u00e9 ceruzky: z\u00e1kladn\u00e9 mapov\u00e9 farby<\/strong>), zo\u0161it na kreslenie + \u0161tvor\u010dekov\u00fd papier<\/li>\n<li>mal\u00e1 spolo\u010densk\u00e1 hra (karty, pexeso a pod.)<\/li>\n<li>kto hr\u00e1, nech donesie hudobn\u00fd n\u00e1stroj (klav\u00edr rad\u0161ej nechajte doma)<\/li>\n<li>kni\u017eka na \u010d\u00edtanie<\/li>\n<li>dospel\u00ed \u2013 no\u017e\u00edk na rezanie pali\u010diek a \u0161pek\u00e1\u010dkov k t\u00e1bor\u00e1ku.<\/li>\n<li><span style=\"color: #ff0000;\"><strong>Pros\u00edm, ned\u00e1vajte de\u0165om \u017eiadne elektronick\u00e9 hry, mobily, laptopy a pod, z\u00e1bavy tohto typu nebudeme podporova\u0165, chceme tr\u00e1vi\u0165 \u010das v pr\u00edrode a hlavne v kolekt\u00edve. \/ Nezodpoved\u00e1me za straten\u00e9 a po\u0161koden\u00e9 veci.<\/strong><\/span><\/li>\n<\/ul>\n<\/div>\n","protected":false},"excerpt":{"rendered":"<p>Pri vyp\u013a\u0148an\u00ed prihl\u00e1\u0161ky &#8211; ubytovania pros\u00edm zv\u00e1\u017ete, \u017ee deti maj\u00fa pr\u00e1zdniny. Potrebuj\u00fa si od n\u00e1s &#8211; rodi\u010dov odd\u00fdchnu\u0165 a ak u\u017e dosiahli \u0161kolsk\u00fd vek, je fajn ke\u010f s\u00fa spolu na izb\u00e1ch deti bez rodi\u010dov. Budete s<a class=\"moretag\" href=\"http:\/\/fba.orienteering.sk\/?page_id=2246\">Read More&#8230;<\/a><\/p>\n","protected":false},"author":3,"featured_media":0,"parent":2242,"menu_order":0,"comment_status":"open","ping_status":"open","template":"","meta":[],"_links":{"self":[{"href":"http:\/\/fba.orienteering.sk\/index.php?rest_route=\/wp\/v2\/pages\/2246"}],"collection":[{"href":"http:\/\/fba.orienteering.sk\/index.php?rest_route=\/wp\/v2\/pages"}],"about":[{"href":"http:\/\/fba.orienteering.sk\/index.php?rest_route=\/wp\/v2\/types\/page"}],"author":[{"embeddable":true,"href":"http:\/\/fba.orienteering.sk\/index.php?rest_route=\/wp\/v2\/users\/3"}],"replies":[{"embeddable":true,"href":"http:\/\/fba.orienteering.sk\/index.php?rest_route=%2Fwp%2Fv2%2Fcomments&post=2246"}],"version-history":[{"count":17,"href":"http:\/\/fba.orienteering.sk\/index.php?rest_route=\/wp\/v2\/pages\/2246\/revisions"}],"predecessor-version":[{"id":2797,"href":"http:\/\/fba.orienteering.sk\/index.php?rest_route=\/wp\/v2\/pages\/2246\/revisions\/2797"}],"up":[{"embeddable":true,"href":"http:\/\/fba.orienteering.sk\/index.php?rest_route=\/wp\/v2\/pages\/2242"}],"wp:attachment":[{"href":"http:\/\/fba.orienteering.sk\/index.php?rest_route=%2Fwp%2Fv2%2Fmedia&parent=2246"}],"curies":[{"name":"wp","href":"https:\/\/api.w.org\/{rel}","templated":true}]}}