{"id":2242,"date":"2016-12-17T23:47:56","date_gmt":"2016-12-17T21:47:56","guid":{"rendered":"http:\/\/fba.orienteering.sk\/?page_id=2242"},"modified":"2017-01-25T08:56:41","modified_gmt":"2017-01-25T06:56:41","slug":"o-camp-2017","status":"publish","type":"page","link":"http:\/\/fba.orienteering.sk\/?page_id=2242","title":{"rendered":"O-camp 2017"},"content":{"rendered":"<p>Budeme organizova\u0165 O-camp 2017, inform\u00e1cie prib\u00fadaj\u00fa postupne&#8230;<\/p>\n<p>Klikajte<\/p>\n<p><a href=\"http:\/\/fba.orienteering.sk\/?page_id=2244\" target=\"_blank\">\u010co je O-camp +prihl\u00e1\u0161ka<\/a><br \/>\n<a href=\"http:\/\/fba.orienteering.sk\/?page_id=2246\" target=\"_blank\">Pokyny<\/a><br \/>\n<a href=\"http:\/\/fba.orienteering.sk\/?page_id=2248\" target=\"_blank\">Fotogal\u00e9ria<\/a><br \/>\n<a href=\"http:\/\/fba.orienteering.sk\/?page_id=2250\" target=\"_blank\">Person\u00e1lne obsadenie<\/a><br \/>\n<a href=\"http:\/\/fba.orienteering.sk\/?page_id=2252\" target=\"_blank\">Pl\u00e1novan\u00fd program<\/a><\/p>\n","protected":false},"excerpt":{"rendered":"<p>Budeme organizova\u0165 O-camp 2017, inform\u00e1cie prib\u00fadaj\u00fa postupne&#8230; Klikajte \u010co je O-camp +prihl\u00e1\u0161ka Pokyny Fotogal\u00e9ria Person\u00e1lne obsadenie Pl\u00e1novan\u00fd program<\/p>\n","protected":false},"author":3,"featured_media":0,"parent":0,"menu_order":0,"comment_status":"open","ping_status":"open","template":"","meta":[],"_links":{"self":[{"href":"http:\/\/fba.orienteering.sk\/index.php?rest_route=\/wp\/v2\/pages\/2242"}],"collection":[{"href":"http:\/\/fba.orienteering.sk\/index.php?rest_route=\/wp\/v2\/pages"}],"about":[{"href":"http:\/\/fba.orienteering.sk\/index.php?rest_route=\/wp\/v2\/types\/page"}],"author":[{"embeddable":true,"href":"http:\/\/fba.orienteering.sk\/index.php?rest_route=\/wp\/v2\/users\/3"}],"replies":[{"embeddable":true,"href":"http:\/\/fba.orienteering.sk\/index.php?rest_route=%2Fwp%2Fv2%2Fcomments&post=2242"}],"version-history":[{"count":9,"href":"http:\/\/fba.orienteering.sk\/index.php?rest_route=\/wp\/v2\/pages\/2242\/revisions"}],"predecessor-version":[{"id":2383,"href":"http:\/\/fba.orienteering.sk\/index.php?rest_route=\/wp\/v2\/pages\/2242\/revisions\/2383"}],"wp:attachment":[{"href":"http:\/\/fba.orienteering.sk\/index.php?rest_route=%2Fwp%2Fv2%2Fmedia&parent=2242"}],"curies":[{"name":"wp","href":"https:\/\/api.w.org\/{rel}","templated":true}]}}