{"id":1347,"date":"2016-01-18T22:12:28","date_gmt":"2016-01-18T20:12:28","guid":{"rendered":"http:\/\/fba.orienteering.sk\/?page_id=1347"},"modified":"2016-06-16T09:07:13","modified_gmt":"2016-06-16T07:07:13","slug":"pokyny-o-camp-2016","status":"publish","type":"page","link":"http:\/\/fba.orienteering.sk\/?page_id=1347","title":{"rendered":"Pokyny O-camp 2016"},"content":{"rendered":"<p align=\"JUSTIFY\"><strong><span style=\"color: #000000;\">Pri n\u00e1stupe na pobyt pros\u00edme odovzda\u0165 nasledovn\u00e9:<\/span><\/strong><\/p>\n<p align=\"JUSTIFY\">Od v\u0161etk\u00fdch det\u00ed:<\/p>\n<ul>\n<li>\n<p align=\"JUSTIFY\">Potvrdenie o\u00a0zdravotnej sp\u00f4sobilosti potvrden\u00e9 lek\u00e1rom (nie star\u0161ie ako 20 dn\u00ed)<\/p>\n<\/li>\n<\/ul>\n<p align=\"JUSTIFY\">Pre deti, ktor\u00e9 bud\u00fa na t\u00e1bore bez rodi\u010da \u2013 pod veden\u00edm svojho tr\u00e9nera aj nasledovn\u00e9: (odovzda\u0165 pri n\u00e1stupe)<\/p>\n<p><a href=\"\/wp-content\/uploads\/2015\/04\/\u010cestn\u00e9-prehl\u00e1senie-pou\u010denie-o-spr\u00e1van\u00ed-v-t\u00e1bore.rtf\"><u><span style=\"color: #0066cc;\">\u010cestn\u00e9 prehl\u00e1senie &#8211; pou\u010denie o spr\u00e1van\u00ed v t\u00e1bore<\/span><\/u><\/a><br \/>\n<a href=\"\/wp-content\/uploads\/2015\/04\/POTVRDENIE-o-zdravotnej-sp\u00f4sobilosti.rtf\"><u><span style=\"color: #0066cc;\">POTVRDENIE o zdravotnej sp\u00f4sobilosti<\/span><\/u><\/a><br \/>\n<a href=\"\/wp-content\/uploads\/2015\/04\/VYHL\u00c1SENIE.rtf\"><u><span style=\"color: #0066cc;\">VYHL\u00c1SENIE<\/span><\/u><\/a><\/p>\n<ul>\n<li>K\u00f3piu preukazu poistenca<\/li>\n<\/ul>\n<p align=\"JUSTIFY\">Pozn. Formul\u00e1re s\u00fa podmienkou pre organizovanie akcie od \u00daradu verejn\u00e9ho zdravotn\u00edctva<\/p>\n<p align=\"JUSTIFY\">Bez odovzdania vyplnen\u00fdch formul\u00e1rov <strong><span style=\"color: #ff0000;\">nem\u00f4\u017eeme die\u0165a prija\u0165 do t\u00e1bora ani v pr\u00edpade, \u017ee s n\u00edm bud\u00fa rodi\u010dia.<\/span><\/strong> Berte toto pros\u00edm na vedomie a vyhnete sa nepr\u00edjemn\u00fdm situ\u00e1ci\u00e1m.<\/p>\n<p align=\"JUSTIFY\">ZOZNAM DOPORU\u010cEN\u00ddCH VEC\u00cd:<\/p>\n<p><strong>Na tr\u00e9ningy:<\/strong><\/p>\n<p>Preteky v orienta\u010dnom behu prebiehaj\u00fa za takmer ka\u017ed\u00e9ho po\u010dasia, my budeme v\u00e4\u010d\u0161inu \u010dasu tr\u00e1vi\u0165 mimo chaty, prisp\u00f4sobte tomu pros\u00edm aj v\u00fdber vec\u00ed. Mrholenie alebo slab\u00fd d\u00e1\u017e\u010f n\u00e1s neodradia od tr\u00e9ningu.<\/p>\n<p>Ned\u00e1vajte de\u0165om drah\u00e9 oble\u010denie, k pr\u00e1zdnin\u00e1m patria f\u013eaky na kolen\u00e1ch od tr\u00e1vy a tri\u010dko zababran\u00e9 od mel\u00f3nu\u2026<\/p>\n<ul>\n<li>buzola, SI &#8211; card (\u010dip), lepiaca p\u00e1ska, no\u017enice, zatv\u00e1racie \u0161pendl\u00edky (10ks), mapn\u00edk, \u010derven\u00e1 tenk\u00e1 fixa<\/li>\n<li>obuv na behanie + kto m\u00e1 &#8211; prer\u00e1\u017ea\u010dky<\/li>\n<li>spodn\u00e9 pr\u00e1dlo (na ka\u017ed\u00fd de\u0148)<\/li>\n<li>pono\u017eky vhodn\u00e9 na behanie (na ka\u017ed\u00fd de\u0148)<\/li>\n<li>dlh\u00e9 leg\u00edny \u2013 elas\u0165\u00e1ky (deder\u00f3nov\u00e9 nohavice)<\/li>\n<li>dres \u2013 tri\u010dko (+ termo tri\u010dko s\u00a0dlh\u00fdm ruk\u00e1vom pre pr\u00edpad zl\u00e9ho po\u010dasia)<\/li>\n<li>vesta alebo \u013eahk\u00e1 bunda v pr\u00edpade da\u017e\u010fa<\/li>\n<li>pokr\u00fdvka hlavy na behanie (\u010delenka, \u013eahk\u00e1 \u010diapka, diev\u010dat\u00e1 \u0161atka)<\/li>\n<li>2x pollitrov\u00e1 plastov\u00e1 f\u013ea\u0161ka, kt. m\u00f4\u017ee\u0161 necha\u0165 na \u0161tarte a mal\u00fd bat\u00f4\u017etek<\/li>\n<li><strong>\u010delovka alebo in\u00e1 lampa<\/strong> vhodn\u00e1 na no\u010dn\u00fa hru + kto si tr\u00fafne bude aj no\u010dn\u00fd tr\u00e9ning<\/li>\n<li>repelent proti klie\u0161\u0165om a kom\u00e1rom<\/li>\n<li><strong>n\u00e1ramkov\u00e9 hodinky<\/strong> (sta\u010dia jednoduch\u00e9 so z\u00e1kl. funkciami- doporu\u010dujem obch. dom Decathlon, maj\u00fa lacn\u00e9 hodinky vhodn\u00e9 pre deti- dbajte, aby boli vodotesn\u00e9 )<\/li>\n<\/ul>\n<p><strong>Oble\u010denie mimo tr\u00e9ning:<\/strong><\/p>\n<ul>\n<li>tri\u010dk\u00e1 (ned\u00e1vajte ve\u013ea ks, deti s\u00fa aj tak po\u010das cel\u00e9ho pobytu oby\u010dajne v jednom-dvoch)<\/li>\n<li>mikina 2x ,<\/li>\n<li>letn\u00e1 bunda &#8211; nepremokav\u00e1 alebo pr\u0161ipl\u00e1\u0161\u01651x<\/li>\n<li>tepl\u00e1ky 2x,<\/li>\n<li>kr\u00e1tke nohavice 1x,<\/li>\n<li>plavky (plaveck\u00e9 okuliare) + uter\u00e1k k\u00a0baz\u00e9nu + opa\u013eovac\u00ed kr\u00e9m<\/li>\n<li>\u0161iltovka \/ tenk\u00e1 \u010diapka<\/li>\n<li>sand\u00e1le + tenisky na in\u00e9 aktivity ako OB + nepremokav\u00e9 top\u00e1nky<\/li>\n<li>py\u017eamo, papu\u010de, hygienick\u00e9 potreby, uter\u00e1k<\/li>\n<\/ul>\n<p><strong>In\u00e9:<\/strong><\/p>\n<ul>\n<li><strong>karimatka <\/strong>\u2013 ka\u017ed\u00fd de\u0148 budeme cvi\u010di\u0165 vonku cviky na spr\u00e1vne dr\u017eanie tela<\/li>\n<li>p\u00edsacie potreby (farebn\u00e9 ceruzky), zo\u0161it na kreslenie + \u0161tvor\u010dekov\u00fd papier<\/li>\n<li>mal\u00e1 spolo\u010densk\u00e1 hra (karty, pexeso a pod.)<\/li>\n<li>kto hr\u00e1, nech donesie hudobn\u00fd n\u00e1stroj (klav\u00edr rad\u0161ej nechajte doma)<\/li>\n<li>lopta, \u0161vihadlo\/ in\u00e1 z\u00e1bavka<\/li>\n<li>kni\u017eka<\/li>\n<li>repelent proti kom\u00e1rom a klie\u0161\u0165om<\/li>\n<li>dospel\u00ed &#8211; no\u017e\u00edk na rezanie pali\u010diek a \u0161pek\u00e1\u010dkov k t\u00e1bor\u00e1ku<\/li>\n<li><span style=\"color: #ff0000;\"><strong>Pros\u00edm, ned\u00e1vajte de\u0165om \u017eiadne elektronick\u00e9 hry, mobily, laptopy a pod, z\u00e1bavy tohto typu nebudeme podporova\u0165, chceme tr\u00e1vi\u0165 \u010das v pr\u00edrode a hlavne v kolekt\u00edve. \/ Nezodpoved\u00e1me za straten\u00e9 a po\u0161koden\u00e9 veci.<\/strong><\/span><\/li>\n<\/ul>\n<p align=\"JUSTIFY\">\n","protected":false},"excerpt":{"rendered":"<p>Pri n\u00e1stupe na pobyt pros\u00edme odovzda\u0165 nasledovn\u00e9: Od v\u0161etk\u00fdch det\u00ed: Potvrdenie o\u00a0zdravotnej sp\u00f4sobilosti potvrden\u00e9 lek\u00e1rom (nie star\u0161ie ako 20 dn\u00ed) Pre deti, ktor\u00e9 bud\u00fa na t\u00e1bore bez rodi\u010da \u2013 pod veden\u00edm svojho tr\u00e9nera aj nasledovn\u00e9: (odovzda\u0165<a class=\"moretag\" href=\"http:\/\/fba.orienteering.sk\/?page_id=1347\">Read More&#8230;<\/a><\/p>\n","protected":false},"author":2,"featured_media":0,"parent":0,"menu_order":0,"comment_status":"open","ping_status":"closed","template":"","meta":[],"_links":{"self":[{"href":"http:\/\/fba.orienteering.sk\/index.php?rest_route=\/wp\/v2\/pages\/1347"}],"collection":[{"href":"http:\/\/fba.orienteering.sk\/index.php?rest_route=\/wp\/v2\/pages"}],"about":[{"href":"http:\/\/fba.orienteering.sk\/index.php?rest_route=\/wp\/v2\/types\/page"}],"author":[{"embeddable":true,"href":"http:\/\/fba.orienteering.sk\/index.php?rest_route=\/wp\/v2\/users\/2"}],"replies":[{"embeddable":true,"href":"http:\/\/fba.orienteering.sk\/index.php?rest_route=%2Fwp%2Fv2%2Fcomments&post=1347"}],"version-history":[{"count":8,"href":"http:\/\/fba.orienteering.sk\/index.php?rest_route=\/wp\/v2\/pages\/1347\/revisions"}],"predecessor-version":[{"id":1875,"href":"http:\/\/fba.orienteering.sk\/index.php?rest_route=\/wp\/v2\/pages\/1347\/revisions\/1875"}],"wp:attachment":[{"href":"http:\/\/fba.orienteering.sk\/index.php?rest_route=%2Fwp%2Fv2%2Fmedia&parent=1347"}],"curies":[{"name":"wp","href":"https:\/\/api.w.org\/{rel}","templated":true}]}}