{"id":1316,"date":"2016-01-14T14:23:10","date_gmt":"2016-01-14T12:23:10","guid":{"rendered":"http:\/\/fba.orienteering.sk\/?page_id=1316"},"modified":"2016-01-28T15:12:49","modified_gmt":"2016-01-28T13:12:49","slug":"o-camp-2016","status":"publish","type":"page","link":"http:\/\/fba.orienteering.sk\/?page_id=1316","title":{"rendered":"O-camp 2016"},"content":{"rendered":"<p>O-camp 2016 je letn\u00fd t\u00e1bor, ktor\u00e9ho sa m\u00f4\u017eu z\u00fa\u010dastni\u0165 samostatn\u00e9\u00a0deti, die\u0165a s rodi\u010dom (rodi\u010dmi) alebo cel\u00e9 rodinky. Prioritne je ur\u010den\u00fd pre deti vo veku 8-16 rokov, ak v\u0161ak m\u00e1te v rodine men\u0161ie die\u0165a samozrejme ho m\u00f4\u017eete vzia\u0165 so sebou.<br \/>\nTr\u00e9ningy s\u00fa pripraven\u00e9 pre vekov\u00e9 kateg\u00f3rie tak ako v OB, pre rodi\u010dov bud\u00fa trate pod\u013ea z\u00e1ujmu. Deti bud\u00fa za\u010dlenen\u00e9 do skup\u00edn-ka\u017ed\u00fa skupinu bude ma\u0165 na starosti jeden-dvaja dospel\u00ed tr\u00e9neri, ktor\u00ed s de\u0165mi po tr\u00e9ningu rozober\u00fa postupy.<\/p>\n<p>term\u00edn O-campu: 16-23.7.2016<br \/>\nmiesto: <a href=\"http:\/\/www.relaxtesare.sk\/\" target=\"_blank\">O-camp 2016<\/a><br \/>\n<span style=\"color: #000000;\">predbe\u017en\u00e1 cena: 125\u20ac\/die\u0165a\u00a0do 15 rokov a 131\u20ac\/\u00a0die\u0165a-dospel\u00fd nad 15rokov + 10\u20ac \/osoba na mieste (tla\u010d m\u00e1p a materi\u00e1lov, \u0161pek\u00e1\u010dky a pod)<\/span><br \/>\n<span style=\"color: #ff0000;\">term\u00edn prihl\u00e1\u0161ok: 15.3.2016<\/span><br \/>\n<span style=\"color: #ff0000;\"> term\u00edn zaplatenia: 1.4.2016<\/span><\/p>\n<p>Term\u00edn t\u00e1bora je nutn\u00e9 zmluvne dohodn\u00fa\u0165 ve\u013emi dlh\u00fa dobu dopredu a je n\u00e1m \u013e\u00fato, \u017ee sa prekr\u00fdva s in\u00fdmi pon\u00fakan\u00fdmi OB aktivitami, je len na V\u00e1s, ak\u00fd program si na pr\u00e1zdniny zvol\u00edte.<br \/>\nVopred upozor\u0148ujeme, \u017ee aj pokia\u013e sa nechcete z\u00fa\u010dastni\u0165 cel\u00e9ho pobytu, je nutn\u00e9 zaplati\u0165 cel\u00fa sumu osoba\/pobyt. \u017diadne v\u00fdnimky nebud\u00fa tolerovan\u00e9. Je mo\u017en\u00e9 napr. prestriedanie rodi\u010dov bez n\u00e1roku na zv\u00fd\u0161en\u00fd po\u010det jed\u00e1l v \u010dase v\u00fdmeny. (napr. mama bude s de\u0165mi od soboty 16.7 do utorka 19.7.ve\u010der. Ve\u010der pr\u00edde otec a rodi\u010dia sa prestriedaj\u00fa-aj ke\u010f v \u010dase ve\u010dere bud\u00fa pr\u00edtomn\u00ed obaja, bude\u00a0im vydan\u00e1 iba jedna ve\u010dera.)<\/p>\n<p>V\u0161etky podrobnej\u0161ie inform\u00e1cie bud\u00fa postupne uverej\u0148ovan\u00e9 postupne v pokynoch.<\/p>\n<p>V pr\u00edpade z\u00e1ujmu sa pros\u00edm prihl\u00e1ste prostredn\u00edctvom prihl\u00e1\u0161kov\u00e9ho syst\u00e9mu.<\/p>\n<p><a href=\"http:\/\/fba.orienteering.sk\/user\/attendees-for-camp?campid=1\" target=\"_blank\">Zoznam prihl\u00e1sen\u00fdch \u00fa\u010dastn\u00edkov<\/a><br \/>\n<a href=\"http:\/\/fba.orienteering.sk\/user\/add-attendee-for-camp\/1\" target=\"_blank\">Linka na prihl\u00e1senie<\/a><\/p>\n","protected":false},"excerpt":{"rendered":"<p>O-camp 2016 je letn\u00fd t\u00e1bor, ktor\u00e9ho sa m\u00f4\u017eu z\u00fa\u010dastni\u0165 samostatn\u00e9\u00a0deti, die\u0165a s rodi\u010dom (rodi\u010dmi) alebo cel\u00e9 rodinky. Prioritne je ur\u010den\u00fd pre deti vo veku 8-16 rokov, ak v\u0161ak m\u00e1te v rodine men\u0161ie die\u0165a samozrejme ho m\u00f4\u017eete<a class=\"moretag\" href=\"http:\/\/fba.orienteering.sk\/?page_id=1316\">Read More&#8230;<\/a><\/p>\n","protected":false},"author":2,"featured_media":0,"parent":0,"menu_order":0,"comment_status":"open","ping_status":"closed","template":"","meta":[],"_links":{"self":[{"href":"http:\/\/fba.orienteering.sk\/index.php?rest_route=\/wp\/v2\/pages\/1316"}],"collection":[{"href":"http:\/\/fba.orienteering.sk\/index.php?rest_route=\/wp\/v2\/pages"}],"about":[{"href":"http:\/\/fba.orienteering.sk\/index.php?rest_route=\/wp\/v2\/types\/page"}],"author":[{"embeddable":true,"href":"http:\/\/fba.orienteering.sk\/index.php?rest_route=\/wp\/v2\/users\/2"}],"replies":[{"embeddable":true,"href":"http:\/\/fba.orienteering.sk\/index.php?rest_route=%2Fwp%2Fv2%2Fcomments&post=1316"}],"version-history":[{"count":13,"href":"http:\/\/fba.orienteering.sk\/index.php?rest_route=\/wp\/v2\/pages\/1316\/revisions"}],"predecessor-version":[{"id":1458,"href":"http:\/\/fba.orienteering.sk\/index.php?rest_route=\/wp\/v2\/pages\/1316\/revisions\/1458"}],"wp:attachment":[{"href":"http:\/\/fba.orienteering.sk\/index.php?rest_route=%2Fwp%2Fv2%2Fmedia&parent=1316"}],"curies":[{"name":"wp","href":"https:\/\/api.w.org\/{rel}","templated":true}]}}